{"id":656,"date":"2024-01-30T22:57:28","date_gmt":"2024-01-30T20:57:28","guid":{"rendered":"https:\/\/techlance.ddns.net\/?page_id=656"},"modified":"2024-09-10T21:32:59","modified_gmt":"2024-09-10T19:32:59","slug":"kysy-lisaa-lisensseista","status":"publish","type":"page","link":"https:\/\/techlance.ddns.net\/en\/kysy-lisaa-lisensseista\/","title":{"rendered":"Kysy lis\u00e4\u00e4 lisensseist\u00e4"},"content":{"rendered":"<div data-elementor-type=\"wp-page\" data-elementor-id=\"656\" class=\"elementor elementor-656\">\n\t\t\t\t<div class=\"elementor-element elementor-element-6aff609 e-flex e-con-boxed e-con e-parent\" data-id=\"6aff609\" data-element_type=\"container\" data-e-type=\"container\">\n\t\t\t\t\t<div class=\"e-con-inner\">\n\t\t\t\t<div class=\"elementor-element elementor-element-f36426f elementor-invisible elementor-widget elementor-widget-heading\" data-id=\"f36426f\" data-element_type=\"widget\" data-e-type=\"widget\" data-settings=\"{&quot;_animation&quot;:&quot;fadeIn&quot;}\" data-widget_type=\"heading.default\">\n\t\t\t\t<div class=\"elementor-widget-container\">\n\t\t\t\t\t<h1 class=\"elementor-heading-title elementor-size-default\">Kysy lis\u00e4\u00e4 lisensseist\u00e4<\/h1>\t\t\t\t<\/div>\n\t\t\t\t<\/div>\n\t\t\t\t<div class=\"elementor-element elementor-element-302c57f elementor-invisible elementor-widget elementor-widget-heading\" data-id=\"302c57f\" data-element_type=\"widget\" data-e-type=\"widget\" data-settings=\"{&quot;_animation&quot;:&quot;fadeIn&quot;,&quot;_animation_delay&quot;:400}\" data-widget_type=\"heading.default\">\n\t\t\t\t<div class=\"elementor-widget-container\">\n\t\t\t\t\t<h2 class=\"elementor-heading-title elementor-size-default\">Meilt\u00e4 saat kaikki tarvitsemasi Microsoft pilvipalveluiden lisenssit ja kapasiteettivaraukset varmasti edulliseen hintaan. Alla olevalla lomakkeella voit j\u00e4tt\u00e4\u00e4 meille yhteydenotto- tai tarjouspyynn\u00f6n tarvitsemistasi lisensseist\u00e4.<\/h2>\t\t\t\t<\/div>\n\t\t\t\t<\/div>\n\t\t\t\t<div class=\"elementor-element elementor-element-92efd15 elementor-widget elementor-widget-spacer\" data-id=\"92efd15\" data-element_type=\"widget\" data-e-type=\"widget\" data-widget_type=\"spacer.default\">\n\t\t\t\t<div class=\"elementor-widget-container\">\n\t\t\t\t\t\t\t<div class=\"elementor-spacer\">\n\t\t\t<div class=\"elementor-spacer-inner\"><\/div>\n\t\t<\/div>\n\t\t\t\t\t\t<\/div>\n\t\t\t\t<\/div>\n\t\t\t\t<div class=\"elementor-element elementor-element-813d7b2 elementor-widget elementor-widget-text-editor\" data-id=\"813d7b2\" data-element_type=\"widget\" data-e-type=\"widget\" data-widget_type=\"text-editor.default\">\n\t\t\t\t<div class=\"elementor-widget-container\">\n\t\t\t\t\t\t\t\t\t<p style=\"text-align: center;\"><strong>Microsoft 365 -lisenssit saa nyt kuukausi- tai vuosilisenssin\u00e4<\/strong><br \/>Lisenssin voi tilata joko kuukausi- tai vuosilisenssin\u00e4. Jos valitset vuositilauksen, lisenssin kuukausihinta on hieman edullisempi.<\/p><p>Alla kuvaus kummastakin vaihtoehdoista:<\/p>\t\t\t\t\t\t\t\t<\/div>\n\t\t\t\t<\/div>\n\t\t\t\t\t<\/div>\n\t\t\t\t<\/div>\n\t\t<div class=\"elementor-element elementor-element-9e7d870 e-flex e-con-boxed e-con e-parent\" data-id=\"9e7d870\" data-element_type=\"container\" data-e-type=\"container\">\n\t\t\t\t\t<div class=\"e-con-inner\">\n\t\t<div class=\"elementor-element elementor-element-f05b8ad e-con-full e-flex e-con e-child\" data-id=\"f05b8ad\" data-element_type=\"container\" data-e-type=\"container\">\n\t\t\t\t<div class=\"elementor-element elementor-element-10de521 elementor-widget elementor-widget-text-editor\" data-id=\"10de521\" data-element_type=\"widget\" data-e-type=\"widget\" data-widget_type=\"text-editor.default\">\n\t\t\t\t<div class=\"elementor-widget-container\">\n\t\t\t\t\t\t\t\t\t<p><strong>Kuukausitilaus<\/strong><br><strong>Tilausjakso<\/strong><\/p>\n<p>Jatkuva kuukausitilaus, jossa on 1 kuukauden irtisanomisaika.<\/p>\n<p><strong>Hinnoittelu<\/strong><\/p>\n<p>Lisenssin hinta voi muuttua vuoden aikana. Mahdollinen hintamuutos ilmoitetaan v\u00e4hint\u00e4\u00e4n 1 kk etuk\u00e4teen.<\/p>\n<p><strong>Laskutus<\/strong><\/p>\n<p>Kolmen kuukauden v\u00e4lein.<\/p>\n<p><strong>Lisenssimuutokset<\/strong><\/p>\n<p>Voit muuttaa lisenssien tyyppi\u00e4 ja m\u00e4\u00e4r\u00e4\u00e4 kuukausittain.<\/p>\t\t\t\t\t\t\t\t<\/div>\n\t\t\t\t<\/div>\n\t\t\t\t<\/div>\n\t\t<div class=\"elementor-element elementor-element-ea3dd90 e-con-full e-flex e-con e-child\" data-id=\"ea3dd90\" data-element_type=\"container\" data-e-type=\"container\">\n\t\t\t\t<div class=\"elementor-element elementor-element-281b533 elementor-widget elementor-widget-text-editor\" data-id=\"281b533\" data-element_type=\"widget\" data-e-type=\"widget\" data-widget_type=\"text-editor.default\">\n\t\t\t\t<div class=\"elementor-widget-container\">\n\t\t\t\t\t\t\t\t\t<p><strong>Vuositilaus<\/strong><br><strong>Tilausjakso<\/strong><\/p>\n<p>Jatkuva vuositilaus, joka uusiutuu 12 kuukaudeksi kerrallaan.<\/p>\n<p><strong>Hinnoittelu<\/strong><\/p>\n<p>Lisenssihinta s\u00e4ilyy samana 12 kk:n ajan. T\u00e4m\u00e4n j\u00e4lkeen lisenssihinta tarkistetaan Microsoftin listahinnan mukaiseksi.<\/p>\n<p><strong>Laskutus<\/strong><\/p>\n<p>Maksetaan yhdess\u00e4 er\u00e4ss\u00e4.<\/p>\n<p><strong>Lisenssimuutokset<\/strong><\/p>\n<p>Vuositilauksen piiriss\u00e4 olevia lisenssej\u00e4 ei voi poistaa kesken tilauskauden. Tilauskauden aikana voit ostaa uusia lisenssej\u00e4 tai p\u00e4ivitt\u00e4\u00e4 lisenssisi parempaan versioon.<\/p>\n<p><\/p>\t\t\t\t\t\t\t\t<\/div>\n\t\t\t\t<\/div>\n\t\t\t\t<\/div>\n\t\t\t\t\t<\/div>\n\t\t\t\t<\/div>\n\t\t<div class=\"elementor-element elementor-element-99dfc96 e-flex e-con-boxed e-con e-parent\" data-id=\"99dfc96\" data-element_type=\"container\" data-e-type=\"container\" data-settings=\"{&quot;background_background&quot;:&quot;classic&quot;}\">\n\t\t\t\t\t<div class=\"e-con-inner\">\n\t\t\t\t<div class=\"elementor-element elementor-element-76f85db elementor-widget elementor-widget-spacer\" data-id=\"76f85db\" data-element_type=\"widget\" data-e-type=\"widget\" data-widget_type=\"spacer.default\">\n\t\t\t\t<div class=\"elementor-widget-container\">\n\t\t\t\t\t\t\t<div class=\"elementor-spacer\">\n\t\t\t<div class=\"elementor-spacer-inner\"><\/div>\n\t\t<\/div>\n\t\t\t\t\t\t<\/div>\n\t\t\t\t<\/div>\n\t\t\t\t<div class=\"elementor-element elementor-element-004a7cd elementor-widget elementor-widget-shortcode\" data-id=\"004a7cd\" data-element_type=\"widget\" data-e-type=\"widget\" data-widget_type=\"shortcode.default\">\n\t\t\t\t<div class=\"elementor-widget-container\">\n\t\t\t\t\t\t\t<div class=\"elementor-shortcode\"><div class=\"forminator-ui forminator-custom-form forminator-custom-form-655 forminator-design--default  forminator_ajax\" data-forminator-render=\"0\" data-form=\"forminator-module-655\" data-uid=\"69fb6b194ed99\"><br\/><\/div><form\n\t\t\t\tid=\"forminator-module-655\"\n\t\t\t\tclass=\"forminator-ui forminator-custom-form forminator-custom-form-655 forminator-design--default  forminator_ajax\"\n\t\t\t\tmethod=\"post\"\n\t\t\t\tdata-forminator-render=\"0\"\n\t\t\t\tdata-form-id=\"655\"\n\t\t\t\t data-color-option=\"default\" data-design=\"default\" data-grid=\"open\" style=\"display: none;\"\n\t\t\t\tdata-uid=\"69fb6b194ed99\" action=\"\"\n\t\t\t><div role=\"alert\" aria-live=\"polite\" class=\"forminator-response-message forminator-error\" aria-hidden=\"true\"><\/div><div class=\"forminator-row\"><div id=\"group-1\" class=\"forminator-field-group forminator-col forminator-col-12\"><label class=\"forminator-label forminator-repeater-label\">Lisenssit<\/label><div class=\"forminator-all-group-copies forminator-repeater-field\"><div class=\"forminator-grouped-fields\" data-options=\"{&quot;is_repeater&quot;:true,&quot;min_type&quot;:&quot;custom&quot;,&quot;max_type&quot;:&quot;custom&quot;,&quot;min&quot;:1,&quot;max&quot;:9223372036854775807,&quot;add_text&quot;:&quot;Add item&quot;,&quot;remove_text&quot;:&quot;Remove item&quot;,&quot;action_element_type&quot;:&quot;button&quot;}\"><div class=\"forminator-row\"><div id=\"select-1\" class=\"forminator-field-select forminator-col forminator-col-6\"><div class=\"forminator-field\"><label for=\"forminator-form-655__field--select-1_69fb6b194ed99\" id=\"forminator-form-655__field--select-1_69fb6b194ed99-label\" class=\"forminator-label\">Lisenssityyppi<\/label><select  id=\"forminator-form-655__field--select-1_69fb6b194ed99\" class=\"forminator-select--field forminator-select2 forminator-select2-multiple\" data-required=\"\" name=\"select-1\" data-default-value=\"----\" data-hidden-behavior=\"zero\" data-placeholder=\"\" data-search=\"true\" data-search-placeholder=\"\" data-checkbox=\"false\" data-allow-clear=\"false\" aria-labelledby=\"forminator-form-655__field--select-1_69fb6b194ed99-label\" aria-describedby=\"forminator-form-655__field--select-1_69fb6b194ed99-description\"><option value=\"----\" selected=\"selected\" data-calculation=\"0\">----<\/option><option value=\"one\"  data-calculation=\"0\">Microsoft 365 Business Basic<\/option><option value=\"two\"  data-calculation=\"0\">Microsoft 365 Business Standard<\/option><option value=\"Microsoft-365-Business-Premium\"  data-calculation=\"0\">Microsoft 365 Business Premium<\/option><option value=\"Microsoft-365-E3\"  data-calculation=\"0\">Microsoft 365 E3<\/option><option value=\"Microsoft-365-E5\"  data-calculation=\"0\">Microsoft 365 E5<\/option><option value=\"Dynamics-365-Sales-Professional\"  data-calculation=\"0\">Dynamics 365 Sales Professional<\/option><option value=\"Dynamics-365-Sales-Enterprise-Edition\"  data-calculation=\"0\">Dynamics 365 Sales Enterprise Edition<\/option><option value=\"Dynamics-365-Sales-Premium\"  data-calculation=\"0\">Dynamics 365 Sales Premium<\/option><option value=\"Dynamics-365-Customer-Service-Professional\"  data-calculation=\"0\">Dynamics 365 Customer Service Professional<\/option><option value=\"Dynamics-365-Customer-Service-Enterprise\"  data-calculation=\"0\">Dynamics 365 Customer Service Enterprise<\/option><option value=\"Power-Apps-per-app-plan\"  data-calculation=\"0\">Power Apps per app plan<\/option><option value=\"Power-Apps-Premium\"  data-calculation=\"0\">Power Apps Premium<\/option><option value=\"Power-Apps-per-app-plan\"  data-calculation=\"0\">Jokin muu lisenssi, tai tarvitsen apua oikean lisenssin valintaan<\/option><\/select><span id=\"forminator-form-655__field--select-1_69fb6b194ed99-description\" class=\"forminator-description\">Valitse lisenssityyppi ja m\u00e4\u00e4r\u00e4<\/span><\/div><\/div><div id=\"number-1\" class=\"forminator-field-number forminator-col forminator-col-6\"><div class=\"forminator-field\"><label for=\"forminator-field-number-1_69fb6b194ed99\" id=\"forminator-field-number-1_69fb6b194ed99-label\" class=\"forminator-label\">M\u00e4\u00e4r\u00e4<\/label><input name=\"number-1\" value=\"\" placeholder=\"\" id=\"forminator-field-number-1_69fb6b194ed99\" class=\"forminator-input forminator-number--field\" inputmode=\"decimal\" data-required=\"\" data-decimals=\"0\" aria-required=\"false\" data-inputmask=\"&#039;groupSeparator&#039;: &#039;&#039;, &#039;radixPoint&#039;: &#039;&#039;, &#039;digits&#039;: &#039;0&#039;\" data-hidden-behavior=\"zero\" type=\"number\" step=\"any\" min=\"1\" max=\"150\" \/><\/div><\/div><\/div><div class=\"forminator-row forminator-action-buttons\"><div class=\"forminator-col forminator-col-12\"><input type=\"button\" value=\"Add item\" class=\"forminator-repeater-action-button forminator-repeater-add\" \/><input type=\"button\" value=\"Remove item\" class=\"forminator-repeater-action-button forminator-repeater-remove\" \/><\/div><\/div><\/div><\/div><\/div><\/div><div class=\"forminator-row\"><div id=\"name-1\" class=\"forminator-field-name forminator-col forminator-col-6\"><div class=\"forminator-field\"><label for=\"forminator-field-name-1_69fb6b194ed99\" id=\"forminator-field-name-1_69fb6b194ed99-label\" class=\"forminator-label\">Name <span class=\"forminator-required\">*<\/span><\/label><input type=\"text\" name=\"name-1\" value=\"\" placeholder=\"\" id=\"forminator-field-name-1_69fb6b194ed99\" class=\"forminator-input forminator-name--field\" aria-required=\"true\" autocomplete=\"name\" \/><\/div><\/div><div id=\"email-1\" class=\"forminator-field-email forminator-col forminator-col-6\"><div class=\"forminator-field\"><label for=\"forminator-field-email-1_69fb6b194ed99\" id=\"forminator-field-email-1_69fb6b194ed99-label\" class=\"forminator-label\">Email <span class=\"forminator-required\">*<\/span><\/label><input type=\"email\" name=\"email-1\" value=\"\" placeholder=\"\" id=\"forminator-field-email-1_69fb6b194ed99\" class=\"forminator-input forminator-email--field\" data-required=\"true\" aria-required=\"true\" autocomplete=\"email\" \/><\/div><\/div><\/div><div class=\"forminator-row\"><div id=\"phone-1\" class=\"forminator-field-phone forminator-col forminator-col-12\"><div class=\"forminator-field\"><label for=\"forminator-field-phone-1_69fb6b194ed99\" id=\"forminator-field-phone-1_69fb6b194ed99-label\" class=\"forminator-label\">Phonenumber<\/label><input type=\"text\" name=\"phone-1\" value=\"\" placeholder=\"\" id=\"forminator-field-phone-1_69fb6b194ed99\" class=\"forminator-input forminator-field--phone\" data-required=\"\" aria-required=\"false\" autocomplete=\"off\" \/><\/div><\/div><\/div><div class=\"forminator-row\"><div id=\"textarea-1\" class=\"forminator-field-textarea forminator-col forminator-col-12\"><div class=\"forminator-field\"><label for=\"forminator-field-textarea-1_69fb6b194ed99\" id=\"forminator-field-textarea-1_69fb6b194ed99-label\" class=\"forminator-label\">Message<\/label><textarea name=\"textarea-1\" placeholder=\"Viestin sis\u00e4lt\u00f6..\" id=\"forminator-field-textarea-1_69fb6b194ed99\" class=\"forminator-textarea\" rows=\"6\" style=\"--forminator-textarea-min-height:100px;\" maxlength=\"350\" ><\/textarea><span id=\"forminator-field-textarea-1_69fb6b194ed99-description\" class=\"forminator-description\"><span data-limit=\"350\" data-type=\"characters\" data-editor=\"\">0 \/ 350<\/span><\/span><\/div><\/div><\/div><input type=\"hidden\" name=\"referer_url\" value=\"\" \/><div class=\"forminator-row forminator-row-last\"><div class=\"forminator-col\"><div class=\"forminator-field\"><button class=\"forminator-button forminator-button-submit\">Send<\/button><\/div><\/div><\/div><input type=\"hidden\" id=\"forminator_nonce\" name=\"forminator_nonce\" value=\"d1b6701033\" \/><input type=\"hidden\" name=\"_wp_http_referer\" value=\"\/en\/wp-json\/wp\/v2\/pages\/656\" \/><input type=\"hidden\" name=\"form_id\" value=\"655\"><input type=\"hidden\" name=\"page_id\" value=\"656\"><input type=\"hidden\" name=\"form_type\" value=\"default\"><input type=\"hidden\" name=\"current_url\" value=\"https:\/\/techlance.ddns.net\/en\/kysy-lisaa-lisensseista\/\"><input type=\"hidden\" name=\"render_id\" value=\"0\"><input type=\"hidden\" name=\"action\" value=\"forminator_submit_form_custom-forms\"><input type=\"hidden\" name=\"trp-form-language\" value=\"en\"\/><\/form><\/div>\n\t\t\t\t\t\t<\/div>\n\t\t\t\t<\/div>\n\t\t\t\t\t<\/div>\n\t\t\t\t<\/div>\n\t\t\t\t<\/div>","protected":false},"excerpt":{"rendered":"<p>Kysy lis\u00e4\u00e4 lisensseist\u00e4 Meilt\u00e4 saat kaikki tarvitsemasi Microsoft pilvipalveluiden lisenssit ja kapasiteettivaraukset varmasti edulliseen hintaan. Alla olevalla lomakkeella voit j\u00e4tt\u00e4\u00e4 [&hellip;]<\/p>\n","protected":false},"author":1,"featured_media":0,"parent":0,"menu_order":0,"comment_status":"closed","ping_status":"closed","template":"","meta":{"site-sidebar-layout":"no-sidebar","site-content-layout":"","ast-site-content-layout":"full-width-container","site-content-style":"default","site-sidebar-style":"default","ast-global-header-display":"","ast-banner-title-visibility":"","ast-main-header-display":"","ast-hfb-above-header-display":"","ast-hfb-below-header-display":"","ast-hfb-mobile-header-display":"","site-post-title":"disabled","ast-breadcrumbs-content":"","ast-featured-img":"disabled","footer-sml-layout":"","ast-disable-related-posts":"","theme-transparent-header-meta":"","adv-header-id-meta":"","stick-header-meta":"","header-above-stick-meta":"","header-main-stick-meta":"","header-below-stick-meta":"","astra-migrate-meta-layouts":"default","ast-page-background-enabled":"default","ast-page-background-meta":{"desktop":{"background-color":"var(--ast-global-color-4)","background-image":"","background-repeat":"repeat","background-position":"center center","background-size":"auto","background-attachment":"scroll","background-type":"","background-media":"","overlay-type":"","overlay-color":"","overlay-opacity":"","overlay-gradient":""},"tablet":{"background-color":"","background-image":"","background-repeat":"repeat","background-position":"center center","background-size":"auto","background-attachment":"scroll","background-type":"","background-media":"","overlay-type":"","overlay-color":"","overlay-opacity":"","overlay-gradient":""},"mobile":{"background-color":"","background-image":"","background-repeat":"repeat","background-position":"center center","background-size":"auto","background-attachment":"scroll","background-type":"","background-media":"","overlay-type":"","overlay-color":"","overlay-opacity":"","overlay-gradient":""}},"ast-content-background-meta":{"desktop":{"background-color":"var(--ast-global-color-5)","background-image":"","background-repeat":"repeat","background-position":"center center","background-size":"auto","background-attachment":"scroll","background-type":"","background-media":"","overlay-type":"","overlay-color":"","overlay-opacity":"","overlay-gradient":""},"tablet":{"background-color":"var(--ast-global-color-5)","background-image":"","background-repeat":"repeat","background-position":"center center","background-size":"auto","background-attachment":"scroll","background-type":"","background-media":"","overlay-type":"","overlay-color":"","overlay-opacity":"","overlay-gradient":""},"mobile":{"background-color":"var(--ast-global-color-5)","background-image":"","background-repeat":"repeat","background-position":"center center","background-size":"auto","background-attachment":"scroll","background-type":"","background-media":"","overlay-type":"","overlay-color":"","overlay-opacity":"","overlay-gradient":""}},"footnotes":""},"class_list":["post-656","page","type-page","status-publish","hentry"],"aioseo_notices":[],"_links":{"self":[{"href":"https:\/\/techlance.ddns.net\/en\/wp-json\/wp\/v2\/pages\/656","targetHints":{"allow":["GET"]}}],"collection":[{"href":"https:\/\/techlance.ddns.net\/en\/wp-json\/wp\/v2\/pages"}],"about":[{"href":"https:\/\/techlance.ddns.net\/en\/wp-json\/wp\/v2\/types\/page"}],"author":[{"embeddable":true,"href":"https:\/\/techlance.ddns.net\/en\/wp-json\/wp\/v2\/users\/1"}],"replies":[{"embeddable":true,"href":"https:\/\/techlance.ddns.net\/en\/wp-json\/wp\/v2\/comments?post=656"}],"version-history":[{"count":0,"href":"https:\/\/techlance.ddns.net\/en\/wp-json\/wp\/v2\/pages\/656\/revisions"}],"wp:attachment":[{"href":"https:\/\/techlance.ddns.net\/en\/wp-json\/wp\/v2\/media?parent=656"}],"curies":[{"name":"wp","href":"https:\/\/api.w.org\/{rel}","templated":true}]}}