{"id":402,"date":"2024-01-14T19:19:15","date_gmt":"2024-01-14T17:19:15","guid":{"rendered":"https:\/\/techlance.ddns.net\/?page_id=402"},"modified":"2025-03-19T11:51:36","modified_gmt":"2025-03-19T09:51:36","slug":"microsoft-365-basic-tukipalvelu","status":"publish","type":"page","link":"https:\/\/techlance.ddns.net\/en\/microsoft-365-basic-tukipalvelu\/","title":{"rendered":"Microsoft 365 Basic -tukipalvelu"},"content":{"rendered":"<div data-elementor-type=\"wp-page\" data-elementor-id=\"402\" class=\"elementor elementor-402\">\n\t\t\t\t<div class=\"elementor-element elementor-element-a19e83c e-flex e-con-boxed e-con e-parent\" data-id=\"a19e83c\" data-element_type=\"container\" data-e-type=\"container\">\n\t\t\t\t\t<div class=\"e-con-inner\">\n\t\t<div class=\"elementor-element elementor-element-75c5b07 e-flex e-con-boxed e-con e-child\" data-id=\"75c5b07\" data-element_type=\"container\" data-e-type=\"container\">\n\t\t\t\t\t<div class=\"e-con-inner\">\n\t\t\t\t<div class=\"elementor-element elementor-element-7788dbd elementor-invisible elementor-widget elementor-widget-heading\" data-id=\"7788dbd\" data-element_type=\"widget\" data-e-type=\"widget\" data-settings=\"{&quot;_animation&quot;:&quot;fadeIn&quot;}\" data-widget_type=\"heading.default\">\n\t\t\t\t<div class=\"elementor-widget-container\">\n\t\t\t\t\t<h1 class=\"elementor-heading-title elementor-size-default\">Microsoft 365 Basic -tukipalvelu<\/h1>\t\t\t\t<\/div>\n\t\t\t\t<\/div>\n\t\t\t\t<div class=\"elementor-element elementor-element-15fa662 elementor-invisible elementor-widget elementor-widget-heading\" data-id=\"15fa662\" data-element_type=\"widget\" data-e-type=\"widget\" data-settings=\"{&quot;_animation&quot;:&quot;fadeIn&quot;,&quot;_animation_delay&quot;:400}\" data-widget_type=\"heading.default\">\n\t\t\t\t<div class=\"elementor-widget-container\">\n\t\t\t\t\t<h2 class=\"elementor-heading-title elementor-size-default\">Jatkuva Microsoft 365 -yll\u00e4pitopalvelumme auttaa asiakasta palveluiden k\u00e4ytt\u00f6\u00f6notossa, k\u00e4yt\u00f6ss\u00e4 sek\u00e4 pit\u00e4\u00e4 ymp\u00e4rist\u00f6nne ajan tasalla ja tarjoaa apua ongelmatilanteiden selvityksess\u00e4. Tukipalvelumme kattaa niin k\u00e4ytt\u00e4jien hallinnan kuin palvelun tekniset kysymykset sek\u00e4 kehityksen. Yll\u00e4pitopalvelumme pit\u00e4\u00e4 M365-ymp\u00e4rist\u00f6nne p\u00e4ivitykset ajan tasalla Microsoftin parhaiden k\u00e4yt\u00e4nt\u00f6jen mukaisesti sek\u00e4 auttaa my\u00f6s tietoturvaan liittyviss\u00e4 asioissa.<\/h2>\t\t\t\t<\/div>\n\t\t\t\t<\/div>\n\t\t<div class=\"elementor-element elementor-element-17d19ce e-con-full e-flex e-con e-child\" data-id=\"17d19ce\" data-element_type=\"container\" data-e-type=\"container\" data-settings=\"{&quot;background_background&quot;:&quot;classic&quot;}\">\n\t\t\t\t<\/div>\n\t\t\t\t\t<\/div>\n\t\t\t\t<\/div>\n\t\t\t\t\t<\/div>\n\t\t\t\t<\/div>\n\t\t<div class=\"elementor-element elementor-element-1bb1fe6 e-flex e-con-boxed e-con e-parent\" data-id=\"1bb1fe6\" data-element_type=\"container\" data-e-type=\"container\">\n\t\t\t\t\t<div class=\"e-con-inner\">\n\t\t\t\t<div class=\"elementor-element elementor-element-8753da4 elementor-widget elementor-widget-spacer\" data-id=\"8753da4\" data-element_type=\"widget\" data-e-type=\"widget\" data-widget_type=\"spacer.default\">\n\t\t\t\t<div class=\"elementor-widget-container\">\n\t\t\t\t\t\t\t<div class=\"elementor-spacer\">\n\t\t\t<div class=\"elementor-spacer-inner\"><\/div>\n\t\t<\/div>\n\t\t\t\t\t\t<\/div>\n\t\t\t\t<\/div>\n\t\t\t\t\t<\/div>\n\t\t\t\t<\/div>\n\t\t<div class=\"elementor-element elementor-element-b952452 e-flex e-con-boxed e-con e-parent\" data-id=\"b952452\" data-element_type=\"container\" data-e-type=\"container\">\n\t\t\t\t\t<div class=\"e-con-inner\">\n\t\t<div class=\"elementor-element elementor-element-984c6b9 e-con-full e-flex e-con e-child\" data-id=\"984c6b9\" data-element_type=\"container\" data-e-type=\"container\">\n\t\t<div class=\"elementor-element elementor-element-9cf0dd3 e-con-full e-flex e-con e-child\" data-id=\"9cf0dd3\" data-element_type=\"container\" data-e-type=\"container\" data-settings=\"{&quot;background_background&quot;:&quot;classic&quot;}\">\n\t\t\t\t<\/div>\n\t\t<div class=\"elementor-element elementor-element-75e3e0e e-con-full e-flex e-con e-child\" data-id=\"75e3e0e\" data-element_type=\"container\" data-e-type=\"container\">\n\t\t\t\t<div class=\"elementor-element elementor-element-dc60612 elementor-widget elementor-widget-text-editor\" data-id=\"dc60612\" data-element_type=\"widget\" data-e-type=\"widget\" data-widget_type=\"text-editor.default\">\n\t\t\t\t<div class=\"elementor-widget-container\">\n\t\t\t\t\t\t\t\t\t<p>Basic -palvelu on suunnattu asiakkaille, jotka tarvitsevat apua Microsoft 365 perusyll\u00e4pidon teht\u00e4viss\u00e4. N\u00e4it\u00e4 ovat k\u00e4ytt\u00e4j\u00e4tunnuksien, s\u00e4hk\u00f6postilaatikoiden, tietoturva-asetuksien ja k\u00e4ytt\u00f6oikeuksien hallinta.<\/p>\t\t\t\t\t\t\t\t<\/div>\n\t\t\t\t<\/div>\n\t\t\t\t<div class=\"elementor-element elementor-element-fb35581 elementor-widget elementor-widget-spacer\" data-id=\"fb35581\" data-element_type=\"widget\" data-e-type=\"widget\" data-widget_type=\"spacer.default\">\n\t\t\t\t<div class=\"elementor-widget-container\">\n\t\t\t\t\t\t\t<div class=\"elementor-spacer\">\n\t\t\t<div class=\"elementor-spacer-inner\"><\/div>\n\t\t<\/div>\n\t\t\t\t\t\t<\/div>\n\t\t\t\t<\/div>\n\t\t\t\t<div class=\"elementor-element elementor-element-d1814f5 elementor-widget-divider--view-line elementor-widget elementor-widget-divider\" data-id=\"d1814f5\" data-element_type=\"widget\" data-e-type=\"widget\" data-widget_type=\"divider.default\">\n\t\t\t\t<div class=\"elementor-widget-container\">\n\t\t\t\t\t\t\t<div class=\"elementor-divider\">\n\t\t\t<span class=\"elementor-divider-separator\">\n\t\t\t\t\t\t<\/span>\n\t\t<\/div>\n\t\t\t\t\t\t<\/div>\n\t\t\t\t<\/div>\n\t\t\t\t<div class=\"elementor-element elementor-element-0d8247c elementor-widget elementor-widget-heading\" data-id=\"0d8247c\" data-element_type=\"widget\" data-e-type=\"widget\" data-widget_type=\"heading.default\">\n\t\t\t\t<div class=\"elementor-widget-container\">\n\t\t\t\t\t<h2 class=\"elementor-heading-title elementor-size-default\">Yhteenveto<\/h2>\t\t\t\t<\/div>\n\t\t\t\t<\/div>\n\t\t\t\t<div class=\"elementor-element elementor-element-fc8ffe4 elementor-widget elementor-widget-text-editor\" data-id=\"fc8ffe4\" data-element_type=\"widget\" data-e-type=\"widget\" data-widget_type=\"text-editor.default\">\n\t\t\t\t<div class=\"elementor-widget-container\">\n\t\t\t\t\t\t\t\t\t<ul><li>Kuukausihinta 0 \u20ac<\/li><li>24\/7 tukikanavat: Basic -palveluportaali ja -s\u00e4hk\u00f6posti<\/li><li>Palveluaika: 0900 \u2013 1600 (arkena)<\/li><\/ul>\t\t\t\t\t\t\t\t<\/div>\n\t\t\t\t<\/div>\n\t\t\t\t<\/div>\n\t\t\t\t<\/div>\n\t\t\t\t\t<\/div>\n\t\t\t\t<\/div>\n\t\t<div class=\"elementor-element elementor-element-d728d26 e-flex e-con-boxed e-con e-parent\" data-id=\"d728d26\" data-element_type=\"container\" data-e-type=\"container\">\n\t\t\t\t\t<div class=\"e-con-inner\">\n\t\t\t\t<div class=\"elementor-element elementor-element-e9b430b elementor-widget elementor-widget-text-editor\" data-id=\"e9b430b\" data-element_type=\"widget\" data-e-type=\"widget\" data-widget_type=\"text-editor.default\">\n\t\t\t\t<div class=\"elementor-widget-container\">\n\t\t\t\t\t\t\t\t\t<p><strong>Ota yhteytt\u00e4 niin kerromme lis\u00e4\u00e4<\/strong><\/p>\t\t\t\t\t\t\t\t<\/div>\n\t\t\t\t<\/div>\n\t\t\t\t\t<\/div>\n\t\t\t\t<\/div>\n\t\t<div class=\"elementor-element elementor-element-4515f79 e-con-full e-flex e-con e-parent\" data-id=\"4515f79\" data-element_type=\"container\" data-e-type=\"container\" data-settings=\"{&quot;background_background&quot;:&quot;classic&quot;}\">\n\t\t\t\t<div class=\"elementor-element elementor-element-94b94c7 elementor-widget elementor-widget-shortcode\" data-id=\"94b94c7\" data-element_type=\"widget\" data-e-type=\"widget\" data-widget_type=\"shortcode.default\">\n\t\t\t\t<div class=\"elementor-widget-container\">\n\t\t\t\t\t\t\t<div class=\"elementor-shortcode\"><div class=\"forminator-ui forminator-custom-form forminator-custom-form-434 forminator-design--default  forminator_ajax\" data-forminator-render=\"0\" data-form=\"forminator-module-434\" data-uid=\"69fb470565f1e\"><br\/><\/div><form\n\t\t\t\tid=\"forminator-module-434\"\n\t\t\t\tclass=\"forminator-ui forminator-custom-form forminator-custom-form-434 forminator-design--default  forminator_ajax\"\n\t\t\t\tmethod=\"post\"\n\t\t\t\tdata-forminator-render=\"0\"\n\t\t\t\tdata-form-id=\"434\"\n\t\t\t\t data-color-option=\"default\" data-design=\"default\" data-grid=\"open\" style=\"display: none;\"\n\t\t\t\tdata-uid=\"69fb470565f1e\" action=\"\"\n\t\t\t><div role=\"alert\" aria-live=\"polite\" class=\"forminator-response-message forminator-error\" aria-hidden=\"true\"><\/div><div class=\"forminator-row\"><div id=\"name-1\" class=\"forminator-field-name forminator-col forminator-col-12\"><div class=\"forminator-field\"><label for=\"forminator-field-name-1_69fb470565f1e\" id=\"forminator-field-name-1_69fb470565f1e-label\" class=\"forminator-label\">Name <span class=\"forminator-required\">*<\/span><\/label><input type=\"text\" name=\"name-1\" value=\"\" placeholder=\"\" id=\"forminator-field-name-1_69fb470565f1e\" class=\"forminator-input forminator-name--field\" aria-required=\"true\" autocomplete=\"name\" \/><\/div><\/div><\/div><div class=\"forminator-row\"><div id=\"email-1\" class=\"forminator-field-email forminator-col forminator-col-6\"><div class=\"forminator-field\"><label for=\"forminator-field-email-1_69fb470565f1e\" id=\"forminator-field-email-1_69fb470565f1e-label\" class=\"forminator-label\">S\u00e4hk\u00f6posti <span class=\"forminator-required\">*<\/span><\/label><input type=\"email\" name=\"email-1\" value=\"\" placeholder=\"\" id=\"forminator-field-email-1_69fb470565f1e\" class=\"forminator-input forminator-email--field\" data-required=\"true\" aria-required=\"true\" autocomplete=\"email\" \/><\/div><\/div><div id=\"phone-1\" class=\"forminator-field-phone forminator-col forminator-col-6\"><div class=\"forminator-field\"><label for=\"forminator-field-phone-1_69fb470565f1e\" id=\"forminator-field-phone-1_69fb470565f1e-label\" class=\"forminator-label\">Phonenumber<\/label><input type=\"text\" name=\"phone-1\" value=\"\" placeholder=\"\" id=\"forminator-field-phone-1_69fb470565f1e\" class=\"forminator-input forminator-field--phone\" data-required=\"\" aria-required=\"false\" autocomplete=\"off\" \/><\/div><\/div><\/div><div class=\"forminator-row\"><div id=\"select-1\" class=\"forminator-field-select forminator-col forminator-col-12\"><div class=\"forminator-field\"><label for=\"forminator-form-434__field--select-1_69fb470565f1e\" id=\"forminator-form-434__field--select-1_69fb470565f1e-label\" class=\"forminator-label\">Aihe<\/label><select  id=\"forminator-form-434__field--select-1_69fb470565f1e\" class=\"forminator-select--field forminator-select2 forminator-select2-multiple\" data-required=\"\" name=\"select-1\" data-default-value=\"Basic--palvelu\" data-hidden-behavior=\"zero\" data-placeholder=\"\" data-search=\"true\" data-search-placeholder=\"\" data-checkbox=\"false\" data-allow-clear=\"false\" aria-labelledby=\"forminator-form-434__field--select-1_69fb470565f1e-label\"><option value=\"--\"  data-calculation=\"0\">---<\/option><option value=\"one\"  data-calculation=\"0\">Tukipalvelut<\/option><option value=\"two\"  data-calculation=\"0\">Valvonta<\/option><option value=\"Basic--palvelu\" selected=\"selected\" data-calculation=\"0\">Basic -palvelu<\/option><option value=\"Pro--palvelu\"  data-calculation=\"0\">Pro -palvelu<\/option><option value=\"Power-Platform\"  data-calculation=\"0\">Power Platform<\/option><option value=\"Dynamics-365\"  data-calculation=\"0\">Dynamics 365<\/option><option value=\"Azure\"  data-calculation=\"0\">Azure<\/option><option value=\"Joku-muu..\"  data-calculation=\"0\">Joku muu..<\/option><\/select><\/div><\/div><\/div><div class=\"forminator-row\"><div id=\"textarea-1\" class=\"forminator-field-textarea forminator-col forminator-col-12\"><div class=\"forminator-field\"><label for=\"forminator-field-textarea-1_69fb470565f1e\" id=\"forminator-field-textarea-1_69fb470565f1e-label\" class=\"forminator-label\">Message<\/label><textarea name=\"textarea-1\" placeholder=\"\" id=\"forminator-field-textarea-1_69fb470565f1e\" class=\"forminator-textarea\" rows=\"6\" style=\"--forminator-textarea-min-height:80px;\" maxlength=\"350\" ><\/textarea><span id=\"forminator-field-textarea-1_69fb470565f1e-description\" class=\"forminator-description\"><span data-limit=\"350\" data-type=\"characters\" data-editor=\"\">0 \/ 350<\/span><\/span><\/div><\/div><\/div><input type=\"hidden\" name=\"referer_url\" value=\"\" \/><div class=\"forminator-row forminator-row-last\"><div class=\"forminator-col\"><div class=\"forminator-field\"><button class=\"forminator-button forminator-button-submit\">Send a contact request<\/button><\/div><\/div><\/div><input type=\"hidden\" id=\"forminator_nonce\" name=\"forminator_nonce\" value=\"6e6d78c887\" \/><input type=\"hidden\" name=\"_wp_http_referer\" value=\"\/en\/wp-json\/wp\/v2\/pages\/402\" \/><input type=\"hidden\" name=\"form_id\" value=\"434\"><input type=\"hidden\" name=\"page_id\" value=\"402\"><input type=\"hidden\" name=\"form_type\" value=\"default\"><input type=\"hidden\" name=\"current_url\" value=\"https:\/\/techlance.ddns.net\/en\/microsoft-365-basic-tukipalvelu\/\"><input type=\"hidden\" name=\"render_id\" value=\"0\"><input type=\"hidden\" name=\"action\" value=\"forminator_submit_form_custom-forms\"><input type=\"hidden\" name=\"trp-form-language\" value=\"en\"\/><\/form><\/div>\n\t\t\t\t\t\t<\/div>\n\t\t\t\t<\/div>\n\t\t\t\t<\/div>\n\t\t\t\t<\/div>","protected":false},"excerpt":{"rendered":"<p>Microsoft 365 Basic -tukipalvelu Jatkuva Microsoft 365 -yll\u00e4pitopalvelumme auttaa asiakasta palveluiden k\u00e4ytt\u00f6\u00f6notossa, k\u00e4yt\u00f6ss\u00e4 sek\u00e4 pit\u00e4\u00e4 ymp\u00e4rist\u00f6nne ajan tasalla ja tarjoaa [&hellip;]<\/p>\n","protected":false},"author":1,"featured_media":0,"parent":0,"menu_order":0,"comment_status":"closed","ping_status":"closed","template":"","meta":{"site-sidebar-layout":"no-sidebar","site-content-layout":"","ast-site-content-layout":"full-width-container","site-content-style":"default","site-sidebar-style":"default","ast-global-header-display":"","ast-banner-title-visibility":"","ast-main-header-display":"","ast-hfb-above-header-display":"","ast-hfb-below-header-display":"","ast-hfb-mobile-header-display":"","site-post-title":"disabled","ast-breadcrumbs-content":"","ast-featured-img":"disabled","footer-sml-layout":"","ast-disable-related-posts":"","theme-transparent-header-meta":"","adv-header-id-meta":"","stick-header-meta":"","header-above-stick-meta":"","header-main-stick-meta":"","header-below-stick-meta":"","astra-migrate-meta-layouts":"default","ast-page-background-enabled":"default","ast-page-background-meta":{"desktop":{"background-color":"var(--ast-global-color-4)","background-image":"","background-repeat":"repeat","background-position":"center center","background-size":"auto","background-attachment":"scroll","background-type":"","background-media":"","overlay-type":"","overlay-color":"","overlay-opacity":"","overlay-gradient":""},"tablet":{"background-color":"","background-image":"","background-repeat":"repeat","background-position":"center center","background-size":"auto","background-attachment":"scroll","background-type":"","background-media":"","overlay-type":"","overlay-color":"","overlay-opacity":"","overlay-gradient":""},"mobile":{"background-color":"","background-image":"","background-repeat":"repeat","background-position":"center center","background-size":"auto","background-attachment":"scroll","background-type":"","background-media":"","overlay-type":"","overlay-color":"","overlay-opacity":"","overlay-gradient":""}},"ast-content-background-meta":{"desktop":{"background-color":"var(--ast-global-color-5)","background-image":"","background-repeat":"repeat","background-position":"center center","background-size":"auto","background-attachment":"scroll","background-type":"","background-media":"","overlay-type":"","overlay-color":"","overlay-opacity":"","overlay-gradient":""},"tablet":{"background-color":"var(--ast-global-color-5)","background-image":"","background-repeat":"repeat","background-position":"center center","background-size":"auto","background-attachment":"scroll","background-type":"","background-media":"","overlay-type":"","overlay-color":"","overlay-opacity":"","overlay-gradient":""},"mobile":{"background-color":"var(--ast-global-color-5)","background-image":"","background-repeat":"repeat","background-position":"center center","background-size":"auto","background-attachment":"scroll","background-type":"","background-media":"","overlay-type":"","overlay-color":"","overlay-opacity":"","overlay-gradient":""}},"footnotes":""},"class_list":["post-402","page","type-page","status-publish","hentry"],"aioseo_notices":[],"_links":{"self":[{"href":"https:\/\/techlance.ddns.net\/en\/wp-json\/wp\/v2\/pages\/402","targetHints":{"allow":["GET"]}}],"collection":[{"href":"https:\/\/techlance.ddns.net\/en\/wp-json\/wp\/v2\/pages"}],"about":[{"href":"https:\/\/techlance.ddns.net\/en\/wp-json\/wp\/v2\/types\/page"}],"author":[{"embeddable":true,"href":"https:\/\/techlance.ddns.net\/en\/wp-json\/wp\/v2\/users\/1"}],"replies":[{"embeddable":true,"href":"https:\/\/techlance.ddns.net\/en\/wp-json\/wp\/v2\/comments?post=402"}],"version-history":[{"count":0,"href":"https:\/\/techlance.ddns.net\/en\/wp-json\/wp\/v2\/pages\/402\/revisions"}],"wp:attachment":[{"href":"https:\/\/techlance.ddns.net\/en\/wp-json\/wp\/v2\/media?parent=402"}],"curies":[{"name":"wp","href":"https:\/\/api.w.org\/{rel}","templated":true}]}}