{"id":3,"date":"2023-12-20T22:29:40","date_gmt":"2023-12-20T22:29:40","guid":{"rendered":"https:\/\/techlance.ddns.net\/?page_id=3"},"modified":"2024-01-22T09:53:32","modified_gmt":"2024-01-22T07:53:32","slug":"privacy-policy","status":"publish","type":"page","link":"https:\/\/techlance.ddns.net\/en\/privacy-policy\/","title":{"rendered":"Tietosuojaseloste"},"content":{"rendered":"<div data-elementor-type=\"wp-page\" data-elementor-id=\"3\" class=\"elementor elementor-3\">\n\t\t\t\t<div class=\"elementor-element elementor-element-11e7c465 e-flex e-con-boxed e-con e-parent\" data-id=\"11e7c465\" data-element_type=\"container\" data-e-type=\"container\">\n\t\t\t\t\t<div class=\"e-con-inner\">\n\t\t<div class=\"elementor-element elementor-element-ed9a792 e-flex e-con-boxed e-con e-child\" data-id=\"ed9a792\" data-element_type=\"container\" data-e-type=\"container\">\n\t\t\t\t\t<div class=\"e-con-inner\">\n\t\t\t\t<div class=\"elementor-element elementor-element-2eb3593e elementor-widget elementor-widget-text-editor\" data-id=\"2eb3593e\" data-element_type=\"widget\" data-e-type=\"widget\" data-widget_type=\"text-editor.default\">\n\t\t\t\t<div class=\"elementor-widget-container\">\n\t\t\t\t\t\t\t\t\t<p>Techlance Oy k\u00e4sittelee henkil\u00f6tietojasi liiketoimintansa tarpeisiin sek\u00e4 tarjoamiensa palveluiden toimittamiseen. Voimme my\u00f6s k\u00e4ytt\u00e4\u00e4 henkil\u00f6tietoja viesti\u00e4ksemme kanssasi. Ker\u00e4\u00e4mme ainoastaan k\u00e4ytt\u00f6tarkoituksen kannalta tarpeellisia henkil\u00f6tietoja. K\u00e4sittelemme henkil\u00f6tietoja vain ennalta m\u00e4\u00e4riteltyihin k\u00e4ytt\u00f6tarkoituksiin. Jaamme henkil\u00f6tietojasi luvallasi tai jos se on tarpeen, jotta voimme suorittaa palveluun liittyvi\u00e4 teht\u00e4vi\u00e4, tarjota palveluita tai noudattaa lains\u00e4\u00e4d\u00e4nn\u00f6st\u00e4 tulevaa velvoitetta. Jaamme henkil\u00f6tietoja my\u00f6s puolestamme toimivien osapuolten kanssa tarpeen mukaan esimerkiksi lain niin vaatiessa tai vastauksena juridiseen prosessiin.<\/p><p><br>\nTechlance Oy k\u00e4sittelee henkil\u00f6tietoja kulloinkin voimassa olevan henkil\u00f6tietolains\u00e4\u00e4d\u00e4nn\u00f6n mukaisesti. Voimme my\u00f6s ulkoistaa henkil\u00f6tietojen k\u00e4sittelyn osittain kolmannelle osapuolelle, jolloin takaamme sopimusj\u00e4rjestelyin, ett\u00e4 henkil\u00f6tietoja k\u00e4sitell\u00e4\u00e4n kulloinkin voimassa olevan henkil\u00f6tietolains\u00e4\u00e4d\u00e4nn\u00f6n mukaisesti ja muutoin asianmukaisesti. Emme p\u00e4\u00e4s\u00e4\u00e4nt\u00f6isesti siirr\u00e4 henkil\u00f6tietojasi EU:n tai ETA:n ulkopuolelle. Jos siirr\u00e4mme henkil\u00f6tietoja EU:n tai ETA:n ulkopuolelle, huolehdimme henkil\u00f6tietojen suojan riitt\u00e4v\u00e4st\u00e4 tasosta muun muassa sopimalla henkil\u00f6tietojen luottamuksellisuuteen ja k\u00e4sittelyyn liittyvist\u00e4 asioista lains\u00e4\u00e4d\u00e4nn\u00f6n edellytt\u00e4m\u00e4ll\u00e4 tavalla, esimerkiksi Euroopan komission hyv\u00e4ksymi\u00e4 mallisopimuslausekkeita k\u00e4ytt\u00e4en.<br>\nS\u00e4ilyt\u00e4mme henkil\u00f6tietojasi vain niin kauan kuin on tarpeen erikseen m\u00e4\u00e4riteltyjen tarkoitusten toteuttamiseksi kulloinkin voimassa olevan lains\u00e4\u00e4d\u00e4nn\u00f6n mukaisesti.<\/p>\n<p>Tietosuojakyselyt ja -pyynn\u00f6t osoitteeseen tietosuoja@techlance.fi<\/p>\t\t\t\t\t\t\t\t<\/div>\n\t\t\t\t<\/div>\n\t\t\t\t\t<\/div>\n\t\t\t\t<\/div>\n\t\t\t\t\t<\/div>\n\t\t\t\t<\/div>\n\t\t\t\t<\/div>","protected":false},"excerpt":{"rendered":"<p>Techlance Oy k\u00e4sittelee henkil\u00f6tietojasi liiketoimintansa tarpeisiin sek\u00e4 tarjoamiensa palveluiden toimittamiseen. Voimme my\u00f6s k\u00e4ytt\u00e4\u00e4 henkil\u00f6tietoja viesti\u00e4ksemme kanssasi. Ker\u00e4\u00e4mme ainoastaan k\u00e4ytt\u00f6tarkoituksen kannalta [&hellip;]<\/p>\n","protected":false},"author":1,"featured_media":0,"parent":0,"menu_order":0,"comment_status":"closed","ping_status":"open","template":"","meta":{"site-sidebar-layout":"default","site-content-layout":"","ast-site-content-layout":"default","site-content-style":"default","site-sidebar-style":"default","ast-global-header-display":"","ast-banner-title-visibility":"","ast-main-header-display":"","ast-hfb-above-header-display":"","ast-hfb-below-header-display":"","ast-hfb-mobile-header-display":"","site-post-title":"","ast-breadcrumbs-content":"","ast-featured-img":"","footer-sml-layout":"","ast-disable-related-posts":"","theme-transparent-header-meta":"","adv-header-id-meta":"","stick-header-meta":"","header-above-stick-meta":"","header-main-stick-meta":"","header-below-stick-meta":"","astra-migrate-meta-layouts":"default","ast-page-background-enabled":"default","ast-page-background-meta":{"desktop":{"background-color":"var(--ast-global-color-4)","background-image":"","background-repeat":"repeat","background-position":"center center","background-size":"auto","background-attachment":"scroll","background-type":"","background-media":"","overlay-type":"","overlay-color":"","overlay-opacity":"","overlay-gradient":""},"tablet":{"background-color":"","background-image":"","background-repeat":"repeat","background-position":"center center","background-size":"auto","background-attachment":"scroll","background-type":"","background-media":"","overlay-type":"","overlay-color":"","overlay-opacity":"","overlay-gradient":""},"mobile":{"background-color":"","background-image":"","background-repeat":"repeat","background-position":"center center","background-size":"auto","background-attachment":"scroll","background-type":"","background-media":"","overlay-type":"","overlay-color":"","overlay-opacity":"","overlay-gradient":""}},"ast-content-background-meta":{"desktop":{"background-color":"var(--ast-global-color-5)","background-image":"","background-repeat":"repeat","background-position":"center center","background-size":"auto","background-attachment":"scroll","background-type":"","background-media":"","overlay-type":"","overlay-color":"","overlay-opacity":"","overlay-gradient":""},"tablet":{"background-color":"var(--ast-global-color-5)","background-image":"","background-repeat":"repeat","background-position":"center center","background-size":"auto","background-attachment":"scroll","background-type":"","background-media":"","overlay-type":"","overlay-color":"","overlay-opacity":"","overlay-gradient":""},"mobile":{"background-color":"var(--ast-global-color-5)","background-image":"","background-repeat":"repeat","background-position":"center center","background-size":"auto","background-attachment":"scroll","background-type":"","background-media":"","overlay-type":"","overlay-color":"","overlay-opacity":"","overlay-gradient":""}},"footnotes":""},"class_list":["post-3","page","type-page","status-publish","hentry"],"aioseo_notices":[],"_links":{"self":[{"href":"https:\/\/techlance.ddns.net\/en\/wp-json\/wp\/v2\/pages\/3","targetHints":{"allow":["GET"]}}],"collection":[{"href":"https:\/\/techlance.ddns.net\/en\/wp-json\/wp\/v2\/pages"}],"about":[{"href":"https:\/\/techlance.ddns.net\/en\/wp-json\/wp\/v2\/types\/page"}],"author":[{"embeddable":true,"href":"https:\/\/techlance.ddns.net\/en\/wp-json\/wp\/v2\/users\/1"}],"replies":[{"embeddable":true,"href":"https:\/\/techlance.ddns.net\/en\/wp-json\/wp\/v2\/comments?post=3"}],"version-history":[{"count":0,"href":"https:\/\/techlance.ddns.net\/en\/wp-json\/wp\/v2\/pages\/3\/revisions"}],"wp:attachment":[{"href":"https:\/\/techlance.ddns.net\/en\/wp-json\/wp\/v2\/media?parent=3"}],"curies":[{"name":"wp","href":"https:\/\/api.w.org\/{rel}","templated":true}]}}