{"id":1894,"date":"2025-04-28T09:27:42","date_gmt":"2025-04-28T07:27:42","guid":{"rendered":"https:\/\/techlance.ddns.net\/?page_id=1894"},"modified":"2025-04-28T09:55:54","modified_gmt":"2025-04-28T07:55:54","slug":"microsoft-dynamics-365","status":"publish","type":"page","link":"https:\/\/techlance.ddns.net\/en\/microsoft-dynamics-365\/","title":{"rendered":"Microsoft Dynamics 365"},"content":{"rendered":"<div data-elementor-type=\"wp-page\" data-elementor-id=\"1894\" class=\"elementor elementor-1894\">\n\t\t\t\t<div class=\"elementor-element elementor-element-a369d31 e-flex e-con-boxed e-con e-parent\" data-id=\"a369d31\" data-element_type=\"container\" data-e-type=\"container\">\n\t\t\t\t\t<div class=\"e-con-inner\">\n\t\t<div class=\"elementor-element elementor-element-f32aa3d e-con-full e-flex e-con e-child\" data-id=\"f32aa3d\" data-element_type=\"container\" data-e-type=\"container\">\n\t\t\t\t<div class=\"elementor-element elementor-element-809ba3a elementor-invisible elementor-widget elementor-widget-heading\" data-id=\"809ba3a\" data-element_type=\"widget\" data-e-type=\"widget\" data-settings=\"{&quot;_animation&quot;:&quot;fadeIn&quot;}\" data-widget_type=\"heading.default\">\n\t\t\t\t<div class=\"elementor-widget-container\">\n\t\t\t\t\t<h1 class=\"elementor-heading-title elementor-size-default\">Microsoft Dynamics 365 sovellukset liiketoiminnan tarpeisiin<\/h1>\t\t\t\t<\/div>\n\t\t\t\t<\/div>\n\t\t<div class=\"elementor-element elementor-element-d6555ec e-con-full e-flex e-con e-child\" data-id=\"d6555ec\" data-element_type=\"container\" data-e-type=\"container\" data-settings=\"{&quot;background_background&quot;:&quot;classic&quot;}\">\n\t\t\t\t<\/div>\n\t\t\t\t<\/div>\n\t\t\t\t<div class=\"elementor-element elementor-element-311aea8 elementor-invisible elementor-widget elementor-widget-heading\" data-id=\"311aea8\" data-element_type=\"widget\" data-e-type=\"widget\" data-settings=\"{&quot;_animation&quot;:&quot;fadeIn&quot;,&quot;_animation_delay&quot;:400}\" data-widget_type=\"heading.default\">\n\t\t\t\t<div class=\"elementor-widget-container\">\n\t\t\t\t\t<h2 class=\"elementor-heading-title elementor-size-default\">Microsoft Dynamics 365 on joustava ja skaalautuva pilvipohjainen sovelluskokonaisuus, joka yhdist\u00e4\u00e4 asiakkuudenhallinnan (CRM) ja toiminnanohjauksen (ERP) ratkaisut liiketoiminnan eri osa-alueiden tueksi. Sovellukset on suunniteltu vastaamaan organisaatioiden monipuolisiin tarpeisiin, kuten myynnin, asiakaspalvelun, markkinoinnin, taloushallinnon, henkil\u00f6st\u00f6hallinnon ja toimitusketjun hallinnan kehitt\u00e4miseen.<\/h2>\t\t\t\t<\/div>\n\t\t\t\t<\/div>\n\t\t<div class=\"elementor-element elementor-element-e14b060 e-con-full e-flex e-con e-child\" data-id=\"e14b060\" data-element_type=\"container\" data-e-type=\"container\">\n\t\t\t\t<\/div>\n\t\t\t\t\t<\/div>\n\t\t\t\t<\/div>\n\t\t<div class=\"elementor-element elementor-element-bff1579 e-flex e-con-boxed e-con e-parent\" data-id=\"bff1579\" data-element_type=\"container\" data-e-type=\"container\">\n\t\t\t\t\t<div class=\"e-con-inner\">\n\t\t\t\t<div class=\"elementor-element elementor-element-2b24b22 elementor-widget elementor-widget-text-editor\" data-id=\"2b24b22\" data-element_type=\"widget\" data-e-type=\"widget\" data-widget_type=\"text-editor.default\">\n\t\t\t\t<div class=\"elementor-widget-container\">\n\t\t\t\t\t\t\t\t\t<p>Techlance toimittaa ja kustomoi seuraavia Dynamics 365 valmissovelluksia ja -ratkaisuja:<\/p><ul><li><strong data-start=\"576\" data-end=\"585\">Sales<\/strong>: Tehostaa myyntiprosesseja ja parantaa asiakassuhteiden hallintaa.<\/li><li class=\"\" data-start=\"653\" data-end=\"754\"><p class=\"\" data-start=\"655\" data-end=\"754\"><strong data-start=\"655\" data-end=\"675\">Customer Service<\/strong>: Mahdollistaa asiakastuen sujuvan hallinnan ja asiakaskokemuksen parantamisen.<\/p><\/li><li class=\"\" data-start=\"755\" data-end=\"838\"><p class=\"\" data-start=\"757\" data-end=\"838\"><strong data-start=\"757\" data-end=\"770\">Marketing<\/strong>: Automatisoi markkinointikampanjoita ja tukee asiakassegmentointia<\/p><\/li><li class=\"\" data-start=\"755\" data-end=\"838\"><p class=\"\" data-start=\"757\" data-end=\"838\"><span style=\"font-size: 16px;\">Sek\u00e4 <strong>Customer engagement<\/strong> ja <strong>Customer Voice<\/strong> ratkaisuja.<\/span><\/p><\/li><\/ul><p class=\"\" data-start=\"1261\" data-end=\"1550\">Dynamics 365 -ratkaisut voidaan ottaa k\u00e4ytt\u00f6\u00f6n erikseen tai yhdist\u00e4\u00e4 toisiinsa liiketoiminnan kasvaessa ja muuttuessa. J\u00e4rjestelm\u00e4 hy\u00f6dynt\u00e4\u00e4 teko\u00e4ly\u00e4, analytiikkaa ja automaatiota, ja se integroitavissa helposti muihin Microsoftin palveluihin, kuten Power Platformiin ja Microsoft 365:een.<\/p><p class=\"\" data-start=\"1552\" data-end=\"1565\"><strong data-start=\"1552\" data-end=\"1563\">Hy\u00f6dyt:<\/strong><\/p><ul data-start=\"1566\" data-end=\"1820\"><li class=\"\" data-start=\"1566\" data-end=\"1627\"><p class=\"\" data-start=\"1568\" data-end=\"1627\">Parantaa liiketoiminnan tehokkuutta ja p\u00e4\u00e4t\u00f6ksenteon laatua<\/p><\/li><li class=\"\" data-start=\"1628\" data-end=\"1687\"><p class=\"\" data-start=\"1630\" data-end=\"1687\">Lis\u00e4\u00e4 joustavuutta ja mukautuvuutta muuttuviin tarpeisiin<\/p><\/li><li class=\"\" data-start=\"1688\" data-end=\"1762\"><p class=\"\" data-start=\"1690\" data-end=\"1762\">Mahdollistaa syv\u00e4llisen asiakasymm\u00e4rryksen ja paremman asiakaskokemuksen<\/p><\/li><li class=\"\" data-start=\"1763\" data-end=\"1820\"><p class=\"\" data-start=\"1765\" data-end=\"1820\">Tukee digitaalista transformaatiota kokonaisvaltaisesti<\/p><\/li><\/ul>\t\t\t\t\t\t\t\t<\/div>\n\t\t\t\t<\/div>\n\t\t<div class=\"elementor-element elementor-element-ec8fe92 e-con-full e-flex e-con e-child\" data-id=\"ec8fe92\" data-element_type=\"container\" data-e-type=\"container\">\n\t\t\t\t<div class=\"elementor-element elementor-element-0e8ae06 elementor-widget elementor-widget-text-editor\" data-id=\"0e8ae06\" data-element_type=\"widget\" data-e-type=\"widget\" data-widget_type=\"text-editor.default\">\n\t\t\t\t<div class=\"elementor-widget-container\">\n\t\t\t\t\t\t\t\t\t<p><b>Ota yhteytt\u00e4 niin kerromme lis\u00e4\u00e4\u00a0<\/b><\/p>\t\t\t\t\t\t\t\t<\/div>\n\t\t\t\t<\/div>\n\t\t\t\t<div class=\"elementor-element elementor-element-f085955 elementor-widget elementor-widget-shortcode\" data-id=\"f085955\" data-element_type=\"widget\" data-e-type=\"widget\" data-widget_type=\"shortcode.default\">\n\t\t\t\t<div class=\"elementor-widget-container\">\n\t\t\t\t\t\t\t<div class=\"elementor-shortcode\"><div class=\"forminator-ui forminator-custom-form forminator-custom-form-1899 forminator-design--default  forminator_ajax\" data-forminator-render=\"0\" data-form=\"forminator-module-1899\" data-uid=\"6a01b6911c977\"><br\/><\/div><form\n\t\t\t\tid=\"forminator-module-1899\"\n\t\t\t\tclass=\"forminator-ui forminator-custom-form forminator-custom-form-1899 forminator-design--default  forminator_ajax\"\n\t\t\t\tmethod=\"post\"\n\t\t\t\tdata-forminator-render=\"0\"\n\t\t\t\tdata-form-id=\"1899\"\n\t\t\t\t data-color-option=\"default\" data-design=\"default\" data-grid=\"open\" style=\"display: none;\"\n\t\t\t\tdata-uid=\"6a01b6911c977\" action=\"\"\n\t\t\t><div role=\"alert\" aria-live=\"polite\" class=\"forminator-response-message forminator-error\" aria-hidden=\"true\"><\/div><div class=\"forminator-row\"><div id=\"name-1\" class=\"forminator-field-name forminator-col forminator-col-12\"><div class=\"forminator-field\"><label for=\"forminator-field-name-1_6a01b6911c977\" id=\"forminator-field-name-1_6a01b6911c977-label\" class=\"forminator-label\">Name <span class=\"forminator-required\">*<\/span><\/label><input type=\"text\" name=\"name-1\" value=\"\" placeholder=\"\" id=\"forminator-field-name-1_6a01b6911c977\" class=\"forminator-input forminator-name--field\" aria-required=\"true\" autocomplete=\"name\" \/><\/div><\/div><\/div><div class=\"forminator-row\"><div id=\"email-1\" class=\"forminator-field-email forminator-col forminator-col-6\"><div class=\"forminator-field\"><label for=\"forminator-field-email-1_6a01b6911c977\" id=\"forminator-field-email-1_6a01b6911c977-label\" class=\"forminator-label\">S\u00e4hk\u00f6posti <span class=\"forminator-required\">*<\/span><\/label><input type=\"email\" name=\"email-1\" value=\"\" placeholder=\"\" id=\"forminator-field-email-1_6a01b6911c977\" class=\"forminator-input forminator-email--field\" data-required=\"true\" aria-required=\"true\" autocomplete=\"email\" \/><\/div><\/div><div id=\"phone-1\" class=\"forminator-field-phone forminator-col forminator-col-6\"><div class=\"forminator-field\"><label for=\"forminator-field-phone-1_6a01b6911c977\" id=\"forminator-field-phone-1_6a01b6911c977-label\" class=\"forminator-label\">Phonenumber<\/label><input type=\"text\" name=\"phone-1\" value=\"\" placeholder=\"\" id=\"forminator-field-phone-1_6a01b6911c977\" class=\"forminator-input forminator-field--phone\" data-required=\"\" aria-required=\"false\" autocomplete=\"off\" \/><\/div><\/div><\/div><div class=\"forminator-row\"><div id=\"select-1\" class=\"forminator-field-select forminator-col forminator-col-12\"><div class=\"forminator-field\"><label for=\"forminator-form-1899__field--select-1_6a01b6911c977\" id=\"forminator-form-1899__field--select-1_6a01b6911c977-label\" class=\"forminator-label\">Aihe<\/label><select  id=\"forminator-form-1899__field--select-1_6a01b6911c977\" class=\"forminator-select--field forminator-select2 forminator-select2-multiple\" data-required=\"\" name=\"select-1\" data-default-value=\"Dynamics-365\" data-hidden-behavior=\"zero\" data-placeholder=\"\" data-search=\"true\" data-search-placeholder=\"\" data-checkbox=\"false\" data-allow-clear=\"false\" aria-labelledby=\"forminator-form-1899__field--select-1_6a01b6911c977-label\"><option value=\"--\"  data-calculation=\"0\">---<\/option><option value=\"one\"  data-calculation=\"0\">Tukipalvelut<\/option><option value=\"two\"  data-calculation=\"0\">Valvonta<\/option><option value=\"Basic--palvelu\"  data-calculation=\"0\">Basic -palvelu<\/option><option value=\"Pro--palvelu\"  data-calculation=\"0\">Pro -palvelu<\/option><option value=\"Power-Platform\"  data-calculation=\"0\">Power Platform<\/option><option value=\"Dynamics-365\" selected=\"selected\" data-calculation=\"0\">Dynamics 365<\/option><option value=\"Azure\"  data-calculation=\"0\">Azure<\/option><option value=\"Joku-muu..\"  data-calculation=\"0\">Joku muu..<\/option><\/select><\/div><\/div><\/div><div class=\"forminator-row\"><div id=\"textarea-1\" class=\"forminator-field-textarea forminator-col forminator-col-12\"><div class=\"forminator-field\"><label for=\"forminator-field-textarea-1_6a01b6911c977\" id=\"forminator-field-textarea-1_6a01b6911c977-label\" class=\"forminator-label\">Message<\/label><textarea name=\"textarea-1\" placeholder=\"\" id=\"forminator-field-textarea-1_6a01b6911c977\" class=\"forminator-textarea\" rows=\"6\" style=\"--forminator-textarea-min-height:80px;\" maxlength=\"350\" ><\/textarea><span id=\"forminator-field-textarea-1_6a01b6911c977-description\" class=\"forminator-description\"><span data-limit=\"350\" data-type=\"characters\" data-editor=\"\">0 \/ 350<\/span><\/span><\/div><\/div><\/div><input type=\"hidden\" name=\"referer_url\" value=\"\" \/><div class=\"forminator-row forminator-row-last\"><div class=\"forminator-col\"><div class=\"forminator-field\"><button class=\"forminator-button forminator-button-submit\">Send a contact request<\/button><\/div><\/div><\/div><input type=\"hidden\" id=\"forminator_nonce\" name=\"forminator_nonce\" value=\"7dd6109ab2\" \/><input type=\"hidden\" name=\"_wp_http_referer\" value=\"\/en\/wp-json\/wp\/v2\/pages\/1894\" \/><input type=\"hidden\" name=\"form_id\" value=\"1899\"><input type=\"hidden\" name=\"page_id\" value=\"1894\"><input type=\"hidden\" name=\"form_type\" value=\"default\"><input type=\"hidden\" name=\"current_url\" value=\"https:\/\/techlance.ddns.net\/en\/microsoft-dynamics-365\/\"><input type=\"hidden\" name=\"render_id\" value=\"0\"><input type=\"hidden\" name=\"action\" value=\"forminator_submit_form_custom-forms\"><label for=\"input_6\" class=\"forminator-hidden\" aria-hidden=\"true\">Please do not fill in this field. <input id=\"input_6\" type=\"text\" name=\"input_6\" value=\"\" autocomplete=\"off\"><\/label><input type=\"hidden\" name=\"trp-form-language\" value=\"en\"\/><\/form><\/div>\n\t\t\t\t\t\t<\/div>\n\t\t\t\t<\/div>\n\t\t\t\t<\/div>\n\t\t\t\t\t<\/div>\n\t\t\t\t<\/div>\n\t\t\t\t<\/div>","protected":false},"excerpt":{"rendered":"<p>Microsoft Dynamics 365 sovellukset liiketoiminnan tarpeisiin Microsoft Dynamics 365 on joustava ja skaalautuva pilvipohjainen sovelluskokonaisuus, joka yhdist\u00e4\u00e4 asiakkuudenhallinnan (CRM) ja [&hellip;]<\/p>\n","protected":false},"author":1,"featured_media":0,"parent":0,"menu_order":0,"comment_status":"closed","ping_status":"closed","template":"","meta":{"site-sidebar-layout":"no-sidebar","site-content-layout":"","ast-site-content-layout":"full-width-container","site-content-style":"default","site-sidebar-style":"default","ast-global-header-display":"","ast-banner-title-visibility":"","ast-main-header-display":"","ast-hfb-above-header-display":"","ast-hfb-below-header-display":"","ast-hfb-mobile-header-display":"","site-post-title":"disabled","ast-breadcrumbs-content":"","ast-featured-img":"disabled","footer-sml-layout":"","ast-disable-related-posts":"","theme-transparent-header-meta":"","adv-header-id-meta":"","stick-header-meta":"","header-above-stick-meta":"","header-main-stick-meta":"","header-below-stick-meta":"","astra-migrate-meta-layouts":"default","ast-page-background-enabled":"default","ast-page-background-meta":{"desktop":{"background-color":"var(--ast-global-color-4)","background-image":"","background-repeat":"repeat","background-position":"center center","background-size":"auto","background-attachment":"scroll","background-type":"","background-media":"","overlay-type":"","overlay-color":"","overlay-opacity":"","overlay-gradient":""},"tablet":{"background-color":"","background-image":"","background-repeat":"repeat","background-position":"center center","background-size":"auto","background-attachment":"scroll","background-type":"","background-media":"","overlay-type":"","overlay-color":"","overlay-opacity":"","overlay-gradient":""},"mobile":{"background-color":"","background-image":"","background-repeat":"repeat","background-position":"center center","background-size":"auto","background-attachment":"scroll","background-type":"","background-media":"","overlay-type":"","overlay-color":"","overlay-opacity":"","overlay-gradient":""}},"ast-content-background-meta":{"desktop":{"background-color":"var(--ast-global-color-5)","background-image":"","background-repeat":"repeat","background-position":"center center","background-size":"auto","background-attachment":"scroll","background-type":"","background-media":"","overlay-type":"","overlay-color":"","overlay-opacity":"","overlay-gradient":""},"tablet":{"background-color":"var(--ast-global-color-5)","background-image":"","background-repeat":"repeat","background-position":"center center","background-size":"auto","background-attachment":"scroll","background-type":"","background-media":"","overlay-type":"","overlay-color":"","overlay-opacity":"","overlay-gradient":""},"mobile":{"background-color":"var(--ast-global-color-5)","background-image":"","background-repeat":"repeat","background-position":"center center","background-size":"auto","background-attachment":"scroll","background-type":"","background-media":"","overlay-type":"","overlay-color":"","overlay-opacity":"","overlay-gradient":""}},"footnotes":""},"class_list":["post-1894","page","type-page","status-publish","hentry"],"aioseo_notices":[],"_links":{"self":[{"href":"https:\/\/techlance.ddns.net\/en\/wp-json\/wp\/v2\/pages\/1894","targetHints":{"allow":["GET"]}}],"collection":[{"href":"https:\/\/techlance.ddns.net\/en\/wp-json\/wp\/v2\/pages"}],"about":[{"href":"https:\/\/techlance.ddns.net\/en\/wp-json\/wp\/v2\/types\/page"}],"author":[{"embeddable":true,"href":"https:\/\/techlance.ddns.net\/en\/wp-json\/wp\/v2\/users\/1"}],"replies":[{"embeddable":true,"href":"https:\/\/techlance.ddns.net\/en\/wp-json\/wp\/v2\/comments?post=1894"}],"version-history":[{"count":0,"href":"https:\/\/techlance.ddns.net\/en\/wp-json\/wp\/v2\/pages\/1894\/revisions"}],"wp:attachment":[{"href":"https:\/\/techlance.ddns.net\/en\/wp-json\/wp\/v2\/media?parent=1894"}],"curies":[{"name":"wp","href":"https:\/\/api.w.org\/{rel}","templated":true}]}}