{"id":1804,"date":"2025-03-19T11:41:17","date_gmt":"2025-03-19T09:41:17","guid":{"rendered":"https:\/\/techlance.ddns.net\/?page_id=1804"},"modified":"2025-03-19T12:01:08","modified_gmt":"2025-03-19T10:01:08","slug":"power-platform","status":"publish","type":"page","link":"https:\/\/techlance.ddns.net\/en\/power-platform\/","title":{"rendered":"Power Platform"},"content":{"rendered":"<div data-elementor-type=\"wp-page\" data-elementor-id=\"1804\" class=\"elementor elementor-1804\">\n\t\t\t\t<div class=\"elementor-element elementor-element-5c8ee88 e-flex e-con-boxed e-con e-parent\" data-id=\"5c8ee88\" data-element_type=\"container\" data-e-type=\"container\">\n\t\t\t\t\t<div class=\"e-con-inner\">\n\t\t<div class=\"elementor-element elementor-element-c9c6b1b e-con-full e-flex e-con e-child\" data-id=\"c9c6b1b\" data-element_type=\"container\" data-e-type=\"container\">\n\t\t\t\t<div class=\"elementor-element elementor-element-8689d25 elementor-invisible elementor-widget elementor-widget-heading\" data-id=\"8689d25\" data-element_type=\"widget\" data-e-type=\"widget\" data-settings=\"{&quot;_animation&quot;:&quot;fadeIn&quot;}\" data-widget_type=\"heading.default\">\n\t\t\t\t<div class=\"elementor-widget-container\">\n\t\t\t\t\t<h1 class=\"elementor-heading-title elementor-size-default\">Microsoft Power Platform<\/h1>\t\t\t\t<\/div>\n\t\t\t\t<\/div>\n\t\t\t\t<div class=\"elementor-element elementor-element-ebf7294 elementor-invisible elementor-widget elementor-widget-heading\" data-id=\"ebf7294\" data-element_type=\"widget\" data-e-type=\"widget\" data-settings=\"{&quot;_animation&quot;:&quot;fadeIn&quot;,&quot;_animation_delay&quot;:400}\" data-widget_type=\"heading.default\">\n\t\t\t\t<div class=\"elementor-widget-container\">\n\t\t\t\t\t<h2 class=\"elementor-heading-title elementor-size-default\">Microsoft Power Platform on Microsoftin kehitt\u00e4m\u00e4 alusta, joka mahdollistaa sovellusten nopean kehitt\u00e4misen, datan analysoinnin ja automatisoinnin ilman perinteist\u00e4 koodaamista. Ty\u00f6kalu erilaisten prosessien ja k\u00e4ytt\u00f6tapausten digitalisointiin.\n<\/h2>\t\t\t\t<\/div>\n\t\t\t\t<\/div>\n\t\t<div class=\"elementor-element elementor-element-3d785ca e-con-full e-flex e-con e-child\" data-id=\"3d785ca\" data-element_type=\"container\" data-e-type=\"container\" data-settings=\"{&quot;background_background&quot;:&quot;classic&quot;}\">\n\t\t\t\t<\/div>\n\t\t\t\t<\/div>\n\t\t<div class=\"elementor-element elementor-element-64900a9 e-con-full e-flex e-con e-child\" data-id=\"64900a9\" data-element_type=\"container\" data-e-type=\"container\">\n\t\t\t\t<\/div>\n\t\t<div class=\"elementor-element elementor-element-ac8ecd3 e-con-full e-flex e-con e-child\" data-id=\"ac8ecd3\" data-element_type=\"container\" data-e-type=\"container\">\n\t\t\t\t<div class=\"elementor-element elementor-element-cf75278 elementor-widget elementor-widget-image\" data-id=\"cf75278\" data-element_type=\"widget\" data-e-type=\"widget\" data-widget_type=\"image.default\">\n\t\t\t\t<div class=\"elementor-widget-container\">\n\t\t\t\t\t\t\t\t\t\t\t\t\t\t\t<img decoding=\"async\" width=\"150\" height=\"150\" src=\"https:\/\/techlance.ddns.net\/wp-content\/uploads\/2024\/01\/supportservicePPD365-150x150.png\" class=\"attachment-thumbnail size-thumbnail wp-image-364\" alt=\"\" srcset=\"https:\/\/techlance.ddns.net\/wp-content\/uploads\/2024\/01\/supportservicePPD365-150x150.png 150w, https:\/\/techlance.ddns.net\/wp-content\/uploads\/2024\/01\/supportservicePPD365-300x300.png 300w, https:\/\/techlance.ddns.net\/wp-content\/uploads\/2024\/01\/supportservicePPD365-768x768.png 768w, https:\/\/techlance.ddns.net\/wp-content\/uploads\/2024\/01\/supportservicePPD365-12x12.png 12w, https:\/\/techlance.ddns.net\/wp-content\/uploads\/2024\/01\/supportservicePPD365.png 1024w\" sizes=\"(max-width: 150px) 100vw, 150px\" \/>\t\t\t\t\t\t\t\t\t\t\t\t\t\t\t<\/div>\n\t\t\t\t<\/div>\n\t\t<div class=\"elementor-element elementor-element-094b40d e-flex e-con-boxed e-con e-child\" data-id=\"094b40d\" data-element_type=\"container\" data-e-type=\"container\">\n\t\t\t\t\t<div class=\"e-con-inner\">\n\t\t\t\t<div class=\"elementor-element elementor-element-8c23b29 elementor-widget elementor-widget-heading\" data-id=\"8c23b29\" data-element_type=\"widget\" data-e-type=\"widget\" data-widget_type=\"heading.default\">\n\t\t\t\t<div class=\"elementor-widget-container\">\n\t\t\t\t\t<h5 class=\"elementor-heading-title elementor-size-default\">Microsoft Power Platform <span style=\"color: var( --e-global-color-text );font-family: var( --e-global-typography-c05b693-font-family ), Sans-serif;font-size: var( --e-global-typography-c05b693-font-size );font-weight: var( --e-global-typography-c05b693-font-weight );background-color: var( --e-global-color-c696dce )\">tuki- ja yll\u00e4pitopalveluja <\/span><\/h5>\t\t\t\t<\/div>\n\t\t\t\t<\/div>\n\t\t\t\t<div class=\"elementor-element elementor-element-2fb88aa elementor-widget elementor-widget-text-editor\" data-id=\"2fb88aa\" data-element_type=\"widget\" data-e-type=\"widget\" data-widget_type=\"text-editor.default\">\n\t\t\t\t<div class=\"elementor-widget-container\">\n\t\t\t\t\t\t\t\t\t<p>Palvelu sis\u00e4lt\u00e4\u00e4 asiakkaan tarpeen mukaan seuraavia valvonnan kohteiden ongelman ongelman ratkaisua. Palvelussamme on kokemusta muutaman k\u00e4ytt\u00e4j\u00e4n liiketoimintaratkaisujen ymp\u00e4rist\u00f6ist\u00e4 globaaliin yli 10 000 k\u00e4ytt\u00e4j\u00e4n ymp\u00e4rist\u00f6\u00f6n.<\/p>\n<p>Ratkaisut<\/p>\n<ul>\n<li>Integraatiot<\/li>\n<li>Liiketoimintaprosessit<\/li>\n<li>Plugin komponentit<\/li><li>Julkaisukanavat<\/li>\n<\/ul>\n<p>Alusta<\/p>\n<ul>\n<li>Ymp\u00e4rist\u00f6jen hallinta<\/li>\n<li>Tietoturva<\/li>\n<li>K\u00e4ytt\u00f6oikeudet<\/li>\n<li>P\u00e4ivitykset<\/li>\n<li>Kansalaiskehitys<\/li>\n<li>Julkaisut<\/li>\n<\/ul>\t\t\t\t\t\t\t\t<\/div>\n\t\t\t\t<\/div>\n\t\t\t\t\t<\/div>\n\t\t\t\t<\/div>\n\t\t\t\t<\/div>\n\t\t\t\t\t<\/div>\n\t\t\t\t<\/div>\n\t\t<div class=\"elementor-element elementor-element-d0dee3a e-flex e-con-boxed e-con e-parent\" data-id=\"d0dee3a\" data-element_type=\"container\" data-e-type=\"container\">\n\t\t\t\t\t<div class=\"e-con-inner\">\n\t\t\t\t\t<\/div>\n\t\t\t\t<\/div>\n\t\t<div class=\"elementor-element elementor-element-ef83db8 e-con-full e-flex e-con e-child\" data-id=\"ef83db8\" data-element_type=\"container\" data-e-type=\"container\">\n\t\t\t\t<div class=\"elementor-element elementor-element-50bbf59 elementor-widget elementor-widget-image\" data-id=\"50bbf59\" data-element_type=\"widget\" data-e-type=\"widget\" data-widget_type=\"image.default\">\n\t\t\t\t<div class=\"elementor-widget-container\">\n\t\t\t\t\t\t\t\t\t\t\t\t\t\t\t<img decoding=\"async\" width=\"150\" height=\"150\" src=\"https:\/\/techlance.ddns.net\/wp-content\/uploads\/2024\/01\/PowerPlatformservice-150x150.png\" class=\"attachment-thumbnail size-thumbnail wp-image-204\" alt=\"\" srcset=\"https:\/\/techlance.ddns.net\/wp-content\/uploads\/2024\/01\/PowerPlatformservice-150x150.png 150w, https:\/\/techlance.ddns.net\/wp-content\/uploads\/2024\/01\/PowerPlatformservice-300x300.png 300w, https:\/\/techlance.ddns.net\/wp-content\/uploads\/2024\/01\/PowerPlatformservice-768x768.png 768w, https:\/\/techlance.ddns.net\/wp-content\/uploads\/2024\/01\/PowerPlatformservice-12x12.png 12w, https:\/\/techlance.ddns.net\/wp-content\/uploads\/2024\/01\/PowerPlatformservice.png 1024w\" sizes=\"(max-width: 150px) 100vw, 150px\" \/>\t\t\t\t\t\t\t\t\t\t\t\t\t\t\t<\/div>\n\t\t\t\t<\/div>\n\t\t<div class=\"elementor-element elementor-element-112dfd5 e-flex e-con-boxed e-con e-child\" data-id=\"112dfd5\" data-element_type=\"container\" data-e-type=\"container\">\n\t\t\t\t\t<div class=\"e-con-inner\">\n\t\t\t\t<div class=\"elementor-element elementor-element-bf7ab5f elementor-widget elementor-widget-heading\" data-id=\"bf7ab5f\" data-element_type=\"widget\" data-e-type=\"widget\" data-widget_type=\"heading.default\">\n\t\t\t\t<div class=\"elementor-widget-container\">\n\t\t\t\t\t<h5 class=\"elementor-heading-title elementor-size-default\">Microsoft Power Platform kehityspalvelut<\/h5>\t\t\t\t<\/div>\n\t\t\t\t<\/div>\n\t\t\t\t<div class=\"elementor-element elementor-element-9dc1b85 elementor-widget elementor-widget-text-editor\" data-id=\"9dc1b85\" data-element_type=\"widget\" data-e-type=\"widget\" data-widget_type=\"text-editor.default\">\n\t\t\t\t<div class=\"elementor-widget-container\">\n\t\t\t\t\t\t\t\t\t<p>Microsoft Power Platform -kehityspalvelussa meille on olennaista kokonaisvaltainen l\u00e4hestymistapa liiketoimintasovellusten ja automaatioiden kehitt\u00e4miseen. Riippumatta onko kyseess\u00e4 yksitt\u00e4inen liiketoimintaprosessi tai laajempi ratkaisu sovellamme parhaita hallinnan ja kehityksen malleja.\u00a0<\/p><ul><li>Power Apps &#8211; liiketoimintasovellukset<\/li><li>Power Automate &#8211; Prosessien ja ty\u00f6kulkujen\u00a0 automaatio laajennettuna tarvittaessa Azure data- ja integraatiopalveluilla<\/li><li>Power BI ja Microsoft Fabric &#8211; Tietojen k\u00e4sittely, analysointi ja visualisointi<\/li><li>Agentit ja Chatbotit &#8211; Agent builder, Copilot studio laajennettuna Azure AI palveluilla<\/li><li>Dataverse &#8211; Tietojen hallinta laajennettuna tarvittaessa Azure datapalveluilla<\/li><li>Laajennukset Plugin, Azure resurssit ja Power Aps Component Framework<\/li><\/ul><p>Alusta ja k\u00e4ytt\u00f6<\/p><ul><li>Tietoturva ja hallinta<\/li><li>K\u00e4ytt\u00f6\u00f6notto<\/li><li>Julkaisut<\/li><li>K\u00e4ytt\u00e4j\u00e4kokemus<\/li><li>Liiketoiminnan tarpeet<\/li><\/ul><p>Esimerkkej\u00e4 ratkaisuistamme l\u00f6yd\u00e4t <a href=\"https:\/\/techlance.ddns.net\/en\/ratkaisut\/\">ratkaisusivulta<\/a>.<\/p>\t\t\t\t\t\t\t\t<\/div>\n\t\t\t\t<\/div>\n\t\t\t\t<div class=\"elementor-element elementor-element-3fc78c3 elementor-widget elementor-widget-spacer\" data-id=\"3fc78c3\" data-element_type=\"widget\" data-e-type=\"widget\" data-widget_type=\"spacer.default\">\n\t\t\t\t<div class=\"elementor-widget-container\">\n\t\t\t\t\t\t\t<div class=\"elementor-spacer\">\n\t\t\t<div class=\"elementor-spacer-inner\"><\/div>\n\t\t<\/div>\n\t\t\t\t\t\t<\/div>\n\t\t\t\t<\/div>\n\t\t<div class=\"elementor-element elementor-element-2b7319f e-con-full e-flex e-con e-child\" data-id=\"2b7319f\" data-element_type=\"container\" data-e-type=\"container\">\n\t\t\t\t<div class=\"elementor-element elementor-element-8c378a7 elementor-widget elementor-widget-text-editor\" data-id=\"8c378a7\" data-element_type=\"widget\" data-e-type=\"widget\" data-widget_type=\"text-editor.default\">\n\t\t\t\t<div class=\"elementor-widget-container\">\n\t\t\t\t\t\t\t\t\t<p><b>Ota yhteytt\u00e4 niin kerromme lis\u00e4\u00e4&nbsp;<\/b><\/p>\t\t\t\t\t\t\t\t<\/div>\n\t\t\t\t<\/div>\n\t\t\t\t<div class=\"elementor-element elementor-element-16e8b9c elementor-widget elementor-widget-shortcode\" data-id=\"16e8b9c\" data-element_type=\"widget\" data-e-type=\"widget\" data-widget_type=\"shortcode.default\">\n\t\t\t\t<div class=\"elementor-widget-container\">\n\t\t\t\t\t\t\t<div class=\"elementor-shortcode\"><div class=\"forminator-ui forminator-custom-form forminator-custom-form-1825 forminator-design--default  forminator_ajax\" data-forminator-render=\"0\" data-form=\"forminator-module-1825\" data-uid=\"69fb54547d09d\"><br\/><\/div><form\n\t\t\t\tid=\"forminator-module-1825\"\n\t\t\t\tclass=\"forminator-ui forminator-custom-form forminator-custom-form-1825 forminator-design--default  forminator_ajax\"\n\t\t\t\tmethod=\"post\"\n\t\t\t\tdata-forminator-render=\"0\"\n\t\t\t\tdata-form-id=\"1825\"\n\t\t\t\t data-color-option=\"default\" data-design=\"default\" data-grid=\"open\" style=\"display: none;\"\n\t\t\t\tdata-uid=\"69fb54547d09d\" action=\"\"\n\t\t\t><div role=\"alert\" aria-live=\"polite\" class=\"forminator-response-message forminator-error\" aria-hidden=\"true\"><\/div><div class=\"forminator-row\"><div id=\"name-1\" class=\"forminator-field-name forminator-col forminator-col-12\"><div class=\"forminator-field\"><label for=\"forminator-field-name-1_69fb54547d09d\" id=\"forminator-field-name-1_69fb54547d09d-label\" class=\"forminator-label\">Name <span class=\"forminator-required\">*<\/span><\/label><input type=\"text\" name=\"name-1\" value=\"\" placeholder=\"\" id=\"forminator-field-name-1_69fb54547d09d\" class=\"forminator-input forminator-name--field\" aria-required=\"true\" autocomplete=\"name\" \/><\/div><\/div><\/div><div class=\"forminator-row\"><div id=\"email-1\" class=\"forminator-field-email forminator-col forminator-col-6\"><div class=\"forminator-field\"><label for=\"forminator-field-email-1_69fb54547d09d\" id=\"forminator-field-email-1_69fb54547d09d-label\" class=\"forminator-label\">S\u00e4hk\u00f6posti <span class=\"forminator-required\">*<\/span><\/label><input type=\"email\" name=\"email-1\" value=\"\" placeholder=\"\" id=\"forminator-field-email-1_69fb54547d09d\" class=\"forminator-input forminator-email--field\" data-required=\"true\" aria-required=\"true\" autocomplete=\"email\" \/><\/div><\/div><div id=\"phone-1\" class=\"forminator-field-phone forminator-col forminator-col-6\"><div class=\"forminator-field\"><label for=\"forminator-field-phone-1_69fb54547d09d\" id=\"forminator-field-phone-1_69fb54547d09d-label\" class=\"forminator-label\">Phonenumber<\/label><input type=\"text\" name=\"phone-1\" value=\"\" placeholder=\"\" id=\"forminator-field-phone-1_69fb54547d09d\" class=\"forminator-input forminator-field--phone\" data-required=\"\" aria-required=\"false\" autocomplete=\"off\" \/><\/div><\/div><\/div><div class=\"forminator-row\"><div id=\"select-1\" class=\"forminator-field-select forminator-col forminator-col-12\"><div class=\"forminator-field\"><label for=\"forminator-form-1825__field--select-1_69fb54547d09d\" id=\"forminator-form-1825__field--select-1_69fb54547d09d-label\" class=\"forminator-label\">Aihe<\/label><select  id=\"forminator-form-1825__field--select-1_69fb54547d09d\" class=\"forminator-select--field forminator-select2 forminator-select2-multiple\" data-required=\"\" name=\"select-1\" data-default-value=\"Power-Platform\" data-hidden-behavior=\"zero\" data-placeholder=\"\" data-search=\"true\" data-search-placeholder=\"\" data-checkbox=\"false\" data-allow-clear=\"false\" aria-labelledby=\"forminator-form-1825__field--select-1_69fb54547d09d-label\"><option value=\"--\"  data-calculation=\"0\">---<\/option><option value=\"one\"  data-calculation=\"0\">Tukipalvelut<\/option><option value=\"two\"  data-calculation=\"0\">Valvonta<\/option><option value=\"Basic--palvelu\"  data-calculation=\"0\">Basic -palvelu<\/option><option value=\"Pro--palvelu\"  data-calculation=\"0\">Pro -palvelu<\/option><option value=\"Power-Platform\" selected=\"selected\" data-calculation=\"0\">Power Platform<\/option><option value=\"Dynamics-365\"  data-calculation=\"0\">Dynamics 365<\/option><option value=\"Azure\"  data-calculation=\"0\">Azure<\/option><option value=\"Joku-muu..\"  data-calculation=\"0\">Joku muu..<\/option><\/select><\/div><\/div><\/div><div class=\"forminator-row\"><div id=\"textarea-1\" class=\"forminator-field-textarea forminator-col forminator-col-12\"><div class=\"forminator-field\"><label for=\"forminator-field-textarea-1_69fb54547d09d\" id=\"forminator-field-textarea-1_69fb54547d09d-label\" class=\"forminator-label\">Message<\/label><textarea name=\"textarea-1\" placeholder=\"\" id=\"forminator-field-textarea-1_69fb54547d09d\" class=\"forminator-textarea\" rows=\"6\" style=\"--forminator-textarea-min-height:80px;\" maxlength=\"350\" ><\/textarea><span id=\"forminator-field-textarea-1_69fb54547d09d-description\" class=\"forminator-description\"><span data-limit=\"350\" data-type=\"characters\" data-editor=\"\">0 \/ 350<\/span><\/span><\/div><\/div><\/div><input type=\"hidden\" name=\"referer_url\" value=\"\" \/><div class=\"forminator-row forminator-row-last\"><div class=\"forminator-col\"><div class=\"forminator-field\"><button class=\"forminator-button forminator-button-submit\">Send a contact request<\/button><\/div><\/div><\/div><input type=\"hidden\" id=\"forminator_nonce\" name=\"forminator_nonce\" value=\"1408e9b32a\" \/><input type=\"hidden\" name=\"_wp_http_referer\" value=\"\/en\/wp-json\/wp\/v2\/pages\/1804\" \/><input type=\"hidden\" name=\"form_id\" value=\"1825\"><input type=\"hidden\" name=\"page_id\" value=\"1804\"><input type=\"hidden\" name=\"form_type\" value=\"default\"><input type=\"hidden\" name=\"current_url\" value=\"https:\/\/techlance.ddns.net\/en\/power-platform\/\"><input type=\"hidden\" name=\"render_id\" value=\"0\"><input type=\"hidden\" name=\"action\" value=\"forminator_submit_form_custom-forms\"><label for=\"input_6\" class=\"forminator-hidden\" aria-hidden=\"true\">Please do not fill in this field. <input id=\"input_6\" type=\"text\" name=\"input_6\" value=\"\" autocomplete=\"off\"><\/label><input type=\"hidden\" name=\"trp-form-language\" value=\"en\"\/><\/form><\/div>\n\t\t\t\t\t\t<\/div>\n\t\t\t\t<\/div>\n\t\t\t\t<\/div>\n\t\t\t\t\t<\/div>\n\t\t\t\t<\/div>\n\t\t\t\t<\/div>\n\t\t\t\t<\/div>","protected":false},"excerpt":{"rendered":"<p>Microsoft Power Platform Microsoft Power Platform on Microsoftin kehitt\u00e4m\u00e4 alusta, joka mahdollistaa sovellusten nopean kehitt\u00e4misen, datan analysoinnin ja automatisoinnin ilman [&hellip;]<\/p>\n","protected":false},"author":1,"featured_media":0,"parent":0,"menu_order":0,"comment_status":"closed","ping_status":"closed","template":"","meta":{"site-sidebar-layout":"no-sidebar","site-content-layout":"","ast-site-content-layout":"full-width-container","site-content-style":"default","site-sidebar-style":"default","ast-global-header-display":"","ast-banner-title-visibility":"","ast-main-header-display":"","ast-hfb-above-header-display":"","ast-hfb-below-header-display":"","ast-hfb-mobile-header-display":"","site-post-title":"disabled","ast-breadcrumbs-content":"","ast-featured-img":"disabled","footer-sml-layout":"","ast-disable-related-posts":"","theme-transparent-header-meta":"","adv-header-id-meta":"","stick-header-meta":"","header-above-stick-meta":"","header-main-stick-meta":"","header-below-stick-meta":"","astra-migrate-meta-layouts":"default","ast-page-background-enabled":"default","ast-page-background-meta":{"desktop":{"background-color":"var(--ast-global-color-4)","background-image":"","background-repeat":"repeat","background-position":"center center","background-size":"auto","background-attachment":"scroll","background-type":"","background-media":"","overlay-type":"","overlay-color":"","overlay-opacity":"","overlay-gradient":""},"tablet":{"background-color":"","background-image":"","background-repeat":"repeat","background-position":"center center","background-size":"auto","background-attachment":"scroll","background-type":"","background-media":"","overlay-type":"","overlay-color":"","overlay-opacity":"","overlay-gradient":""},"mobile":{"background-color":"","background-image":"","background-repeat":"repeat","background-position":"center center","background-size":"auto","background-attachment":"scroll","background-type":"","background-media":"","overlay-type":"","overlay-color":"","overlay-opacity":"","overlay-gradient":""}},"ast-content-background-meta":{"desktop":{"background-color":"var(--ast-global-color-5)","background-image":"","background-repeat":"repeat","background-position":"center center","background-size":"auto","background-attachment":"scroll","background-type":"","background-media":"","overlay-type":"","overlay-color":"","overlay-opacity":"","overlay-gradient":""},"tablet":{"background-color":"var(--ast-global-color-5)","background-image":"","background-repeat":"repeat","background-position":"center center","background-size":"auto","background-attachment":"scroll","background-type":"","background-media":"","overlay-type":"","overlay-color":"","overlay-opacity":"","overlay-gradient":""},"mobile":{"background-color":"var(--ast-global-color-5)","background-image":"","background-repeat":"repeat","background-position":"center center","background-size":"auto","background-attachment":"scroll","background-type":"","background-media":"","overlay-type":"","overlay-color":"","overlay-opacity":"","overlay-gradient":""}},"footnotes":""},"class_list":["post-1804","page","type-page","status-publish","hentry"],"aioseo_notices":[],"_links":{"self":[{"href":"https:\/\/techlance.ddns.net\/en\/wp-json\/wp\/v2\/pages\/1804","targetHints":{"allow":["GET"]}}],"collection":[{"href":"https:\/\/techlance.ddns.net\/en\/wp-json\/wp\/v2\/pages"}],"about":[{"href":"https:\/\/techlance.ddns.net\/en\/wp-json\/wp\/v2\/types\/page"}],"author":[{"embeddable":true,"href":"https:\/\/techlance.ddns.net\/en\/wp-json\/wp\/v2\/users\/1"}],"replies":[{"embeddable":true,"href":"https:\/\/techlance.ddns.net\/en\/wp-json\/wp\/v2\/comments?post=1804"}],"version-history":[{"count":0,"href":"https:\/\/techlance.ddns.net\/en\/wp-json\/wp\/v2\/pages\/1804\/revisions"}],"wp:attachment":[{"href":"https:\/\/techlance.ddns.net\/en\/wp-json\/wp\/v2\/media?parent=1804"}],"curies":[{"name":"wp","href":"https:\/\/api.w.org\/{rel}","templated":true}]}}