{"id":178,"date":"2024-01-11T12:31:43","date_gmt":"2024-01-11T10:31:43","guid":{"rendered":"https:\/\/techlance.ddns.net\/?page_id=178"},"modified":"2025-09-01T09:08:18","modified_gmt":"2025-09-01T07:08:18","slug":"ratkaisut","status":"publish","type":"page","link":"https:\/\/techlance.ddns.net\/en\/ratkaisut\/","title":{"rendered":"Ratkaisut"},"content":{"rendered":"<div data-elementor-type=\"wp-page\" data-elementor-id=\"178\" class=\"elementor elementor-178\">\n\t\t\t\t<div class=\"elementor-element elementor-element-3669e64 e-flex e-con-boxed e-con e-parent\" data-id=\"3669e64\" data-element_type=\"container\" data-e-type=\"container\">\n\t\t\t\t\t<div class=\"e-con-inner\">\n\t\t\t\t<div class=\"elementor-element elementor-element-d2e75ba elementor-invisible elementor-widget elementor-widget-heading\" data-id=\"d2e75ba\" data-element_type=\"widget\" data-e-type=\"widget\" data-settings=\"{&quot;_animation&quot;:&quot;fadeIn&quot;}\" data-widget_type=\"heading.default\">\n\t\t\t\t<div class=\"elementor-widget-container\">\n\t\t\t\t\t<h1 class=\"elementor-heading-title elementor-size-default\">Ratkaisuja<\/h1>\t\t\t\t<\/div>\n\t\t\t\t<\/div>\n\t\t\t\t<div class=\"elementor-element elementor-element-f40592c elementor-invisible elementor-widget elementor-widget-heading\" data-id=\"f40592c\" data-element_type=\"widget\" data-e-type=\"widget\" data-settings=\"{&quot;_animation&quot;:&quot;fadeIn&quot;,&quot;_animation_delay&quot;:400}\" data-widget_type=\"heading.default\">\n\t\t\t\t<div class=\"elementor-widget-container\">\n\t\t\t\t\t<h2 class=\"elementor-heading-title elementor-size-default\">T\u00e4lt\u00e4 sivulta l\u00f6yd\u00e4t esimerkkej\u00e4 ratkaisuistamme.<\/h2>\t\t\t\t<\/div>\n\t\t\t\t<\/div>\n\t\t<div class=\"elementor-element elementor-element-849e3a3 e-con-full e-flex e-con e-child\" data-id=\"849e3a3\" data-element_type=\"container\" data-e-type=\"container\" data-settings=\"{&quot;background_background&quot;:&quot;classic&quot;}\">\n\t\t\t\t<\/div>\n\t\t\t\t\t<\/div>\n\t\t\t\t<\/div>\n\t\t<div class=\"elementor-element elementor-element-2ee0899 e-flex e-con-boxed e-con e-parent\" data-id=\"2ee0899\" data-element_type=\"container\" data-e-type=\"container\">\n\t\t\t\t\t<div class=\"e-con-inner\">\n\t\t<div class=\"elementor-element elementor-element-26b8773 e-flex e-con-boxed e-con e-child\" data-id=\"26b8773\" data-element_type=\"container\" data-e-type=\"container\">\n\t\t\t\t\t<div class=\"e-con-inner\">\n\t\t<div class=\"elementor-element elementor-element-d862386 e-con-full e-flex e-con e-child\" data-id=\"d862386\" data-element_type=\"container\" data-e-type=\"container\">\n\t\t<div class=\"elementor-element elementor-element-f85022d e-con-full e-flex e-con e-child\" data-id=\"f85022d\" data-element_type=\"container\" data-e-type=\"container\" data-settings=\"{&quot;background_background&quot;:&quot;classic&quot;}\">\n\t\t\t\t<div class=\"elementor-element elementor-element-09b3ac8 elementor-widget elementor-widget-spacer\" data-id=\"09b3ac8\" data-element_type=\"widget\" data-e-type=\"widget\" data-widget_type=\"spacer.default\">\n\t\t\t\t<div class=\"elementor-widget-container\">\n\t\t\t\t\t\t\t<div class=\"elementor-spacer\">\n\t\t\t<div class=\"elementor-spacer-inner\"><\/div>\n\t\t<\/div>\n\t\t\t\t\t\t<\/div>\n\t\t\t\t<\/div>\n\t\t\t\t<\/div>\n\t\t<div class=\"elementor-element elementor-element-72c434a e-con-full e-flex e-con e-child\" data-id=\"72c434a\" data-element_type=\"container\" data-e-type=\"container\">\n\t\t\t\t<div class=\"elementor-element elementor-element-68b795c elementor-widget elementor-widget-heading\" data-id=\"68b795c\" data-element_type=\"widget\" data-e-type=\"widget\" data-widget_type=\"heading.default\">\n\t\t\t\t<div class=\"elementor-widget-container\">\n\t\t\t\t\t<h2 class=\"elementor-heading-title elementor-size-default\">Toimittajatiedon hallinta<\/h2>\t\t\t\t<\/div>\n\t\t\t\t<\/div>\n\t\t\t\t<div class=\"elementor-element elementor-element-47ecf6b elementor-widget-divider--view-line elementor-widget elementor-widget-divider\" data-id=\"47ecf6b\" data-element_type=\"widget\" data-e-type=\"widget\" data-widget_type=\"divider.default\">\n\t\t\t\t<div class=\"elementor-widget-container\">\n\t\t\t\t\t\t\t<div class=\"elementor-divider\">\n\t\t\t<span class=\"elementor-divider-separator\">\n\t\t\t\t\t\t<\/span>\n\t\t<\/div>\n\t\t\t\t\t\t<\/div>\n\t\t\t\t<\/div>\n\t\t\t\t<div class=\"elementor-element elementor-element-4f6dc6c elementor-widget elementor-widget-text-editor\" data-id=\"4f6dc6c\" data-element_type=\"widget\" data-e-type=\"widget\" data-widget_type=\"text-editor.default\">\n\t\t\t\t<div class=\"elementor-widget-container\">\n\t\t\t\t\t\t\t\t\t<ol><li><strong>Toimittajan osallistuminen tietojen p\u00e4ivitt\u00e4miseen<\/strong>: Oma selain k\u00e4ytt\u00f6liittym\u00e4 tietojen t\u00e4ytt\u00f6\u00f6n ja dokumenttien l\u00e4hett\u00e4miseen<\/li><li><strong>J\u00e4ljitett\u00e4vyys:<\/strong> T\u00e4ysi tiedonmuutosten auditointi ja automaattien reagointi tarvittaessa p\u00e4ivityksiin<\/li><li><strong>Prosessit joissa 3. osapuoli mukana<\/strong>:\u00a0 Liiketoimintaprosessien jakaminen 3. osapuolille sek\u00e4 osaprosessien esim. toimituksien tai tarjouksien kirjaukset\u00a0<\/li><li><strong>Integraatiot<\/strong>: Monipuoliset mahdollisuudet liitt\u00e4\u00e4 muhin digitaalisiin prosesseihin\u00a0<\/li><li><strong>Valvonta<\/strong>: Liittymien ja prosessien valvonta. H\u00e4iri\u00f6n selvitystiimin kutsu, kolmansien osapuolien h\u00e4lytt\u00e4minen<\/li><\/ol>\t\t\t\t\t\t\t\t<\/div>\n\t\t\t\t<\/div>\n\t\t\t\t<\/div>\n\t\t\t\t<\/div>\n\t\t<div class=\"elementor-element elementor-element-04d1d23 e-con-full e-flex e-con e-child\" data-id=\"04d1d23\" data-element_type=\"container\" data-e-type=\"container\">\n\t\t<div class=\"elementor-element elementor-element-0d6ede6 e-con-full e-flex e-con e-child\" data-id=\"0d6ede6\" data-element_type=\"container\" data-e-type=\"container\" data-settings=\"{&quot;background_background&quot;:&quot;classic&quot;}\">\n\t\t\t\t<\/div>\n\t\t<div class=\"elementor-element elementor-element-922a7f3 e-con-full e-flex e-con e-child\" data-id=\"922a7f3\" data-element_type=\"container\" data-e-type=\"container\">\n\t\t\t\t<div class=\"elementor-element elementor-element-49cfbfa elementor-widget elementor-widget-heading\" data-id=\"49cfbfa\" data-element_type=\"widget\" data-e-type=\"widget\" data-widget_type=\"heading.default\">\n\t\t\t\t<div class=\"elementor-widget-container\">\n\t\t\t\t\t<h2 class=\"elementor-heading-title elementor-size-default\">Asiakkaiden palveluiden ja liittymien valvonta<\/h2>\t\t\t\t<\/div>\n\t\t\t\t<\/div>\n\t\t\t\t<div class=\"elementor-element elementor-element-aa3ce2e elementor-widget-divider--view-line elementor-widget elementor-widget-divider\" data-id=\"aa3ce2e\" data-element_type=\"widget\" data-e-type=\"widget\" data-widget_type=\"divider.default\">\n\t\t\t\t<div class=\"elementor-widget-container\">\n\t\t\t\t\t\t\t<div class=\"elementor-divider\">\n\t\t\t<span class=\"elementor-divider-separator\">\n\t\t\t\t\t\t<\/span>\n\t\t<\/div>\n\t\t\t\t\t\t<\/div>\n\t\t\t\t<\/div>\n\t\t\t\t<div class=\"elementor-element elementor-element-40b4c94 elementor-widget elementor-widget-text-editor\" data-id=\"40b4c94\" data-element_type=\"widget\" data-e-type=\"widget\" data-widget_type=\"text-editor.default\">\n\t\t\t\t<div class=\"elementor-widget-container\">\n\t\t\t\t\t\t\t\t\t<ol><li><strong>Valvonta<\/strong>: asiakaskohtaisten ratkaisujen valvonta<\/li><li><strong>Mobiilisovellus:<\/strong> Power Platform mobiilisovellus<\/li><li><strong>Valvontavuorojen hallinta<\/strong>:\u00a0 Valvontavuorossa oleva henkil\u00f6n ja varahenkil\u00f6n hallinta<\/li><li><strong>H\u00e4lytyksien konfigurointi<\/strong>: H\u00e4iri\u00f6n l\u00e4hteen vakavuuden tunnistaminen ja hallinta.<\/li><li><strong>Eskalointi<\/strong>: H\u00e4iri\u00f6n selvitystiimin kutsu, kolmansien osapuolien h\u00e4lytt\u00e4minen<\/li><\/ol>\t\t\t\t\t\t\t\t<\/div>\n\t\t\t\t<\/div>\n\t\t\t\t<\/div>\n\t\t\t\t<\/div>\n\t\t<div class=\"elementor-element elementor-element-05909a5 e-con-full e-flex e-con e-child\" data-id=\"05909a5\" data-element_type=\"container\" data-e-type=\"container\">\n\t\t<div class=\"elementor-element elementor-element-25e62c0 e-con-full e-flex e-con e-child\" data-id=\"25e62c0\" data-element_type=\"container\" data-e-type=\"container\" data-settings=\"{&quot;background_background&quot;:&quot;classic&quot;}\">\n\t\t\t\t<\/div>\n\t\t<div class=\"elementor-element elementor-element-317de02 e-con-full e-flex e-con e-child\" data-id=\"317de02\" data-element_type=\"container\" data-e-type=\"container\">\n\t\t\t\t<div class=\"elementor-element elementor-element-b9cf375 elementor-widget elementor-widget-heading\" data-id=\"b9cf375\" data-element_type=\"widget\" data-e-type=\"widget\" data-widget_type=\"heading.default\">\n\t\t\t\t<div class=\"elementor-widget-container\">\n\t\t\t\t\t<h2 class=\"elementor-heading-title elementor-size-default\">Dynamics 365 Customer ja liiketoiminnan ohjauksen r\u00e4\u00e4t\u00e4l\u00f6inti<\/h2>\t\t\t\t<\/div>\n\t\t\t\t<\/div>\n\t\t\t\t<div class=\"elementor-element elementor-element-32d1417 elementor-widget-divider--view-line elementor-widget elementor-widget-divider\" data-id=\"32d1417\" data-element_type=\"widget\" data-e-type=\"widget\" data-widget_type=\"divider.default\">\n\t\t\t\t<div class=\"elementor-widget-container\">\n\t\t\t\t\t\t\t<div class=\"elementor-divider\">\n\t\t\t<span class=\"elementor-divider-separator\">\n\t\t\t\t\t\t<\/span>\n\t\t<\/div>\n\t\t\t\t\t\t<\/div>\n\t\t\t\t<\/div>\n\t\t\t\t<div class=\"elementor-element elementor-element-552593b elementor-widget elementor-widget-text-editor\" data-id=\"552593b\" data-element_type=\"widget\" data-e-type=\"widget\" data-widget_type=\"text-editor.default\">\n\t\t\t\t<div class=\"elementor-widget-container\">\n\t\t\t\t\t\t\t\t\t<ol>\n \t<li><strong>Asiakastietojen hallinta<\/strong>: asiakkaiden yhteystietojen ja aktiviteettien hallintaan.<\/li>\n\n \t<li><strong>Myynti:<\/strong> Liidien ja myyntiprosessin seuranta ja myyj\u00e4kohteinen hallinta.<\/li>\n \t<li><strong>Projekti- ja sopimushallinta<\/strong>:\u00a0 Projektien ja asiakassopimusten hallinta, johon sis\u00e4ltyy sopimusehtojen, aikataulujen ja resurssien suunnittelu ja seuranta.<\/li>\n \t<li><strong>Laskutus<\/strong>: Laskujen laatiminen, l\u00e4hett\u00e4misen ja seurannan prosessit.<\/li>\n \t<li><strong>Analyyttiset n\u00e4kym\u00e4t<\/strong>: Sopimusten laskutuksen seuraaminen, asiakaskohtainen liikevaihdon seuraaminen jne.<\/li>\n \t<li><strong>Asiakaslaskutus: Avoinna olevat laskut, rahavirta, liikevaihto, sopimuksen arvo<\/strong>: Kattava n\u00e4kym\u00e4 asiakkaan tilanteeseen, mukaan lukien avoimet ja maksetut laskut, rahavirran,\u00a0 liikevaihdon ja yksitt\u00e4isten sopimusten taloudellisen arvon.<\/li>\n \t<li><strong>Projekti: Budjetti, Maksut, Ty\u00f6tunnit ja mukautetut dimensiot<\/strong>: Projektin taloudellisen hallinnan, kuten budjetin seurannan, maksujen hallinnan, k\u00e4ytettyjen ty\u00f6tuntien seurannan ja muita projektiin liittyvi\u00e4 mukautettavia mittareita.<\/li>\n \t<li><strong>Asiakkuusp\u00e4\u00e4llik\u00f6iden kiinti\u00f6t ja asiakkaat<\/strong>: Kuvaa asiakkuusp\u00e4\u00e4llik\u00f6iden myyntitavoitteita ja niihin liittyvien asiakkaiden hallintaa.<\/li>\n \t<li><strong>Projektip\u00e4\u00e4llik\u00f6iden kiinti\u00f6t<\/strong>: Projektip\u00e4\u00e4llik\u00f6iden tavoitteet, kuten projektien m\u00e4\u00e4r\u00e4, laatuun ja taloudelliset tavoitteet.<\/li>\n<\/ol>\t\t\t\t\t\t\t\t<\/div>\n\t\t\t\t<\/div>\n\t\t\t\t<\/div>\n\t\t\t\t<\/div>\n\t\t<div class=\"elementor-element elementor-element-d236e27 e-con-full e-flex e-con e-child\" data-id=\"d236e27\" data-element_type=\"container\" data-e-type=\"container\">\n\t\t<div class=\"elementor-element elementor-element-10a868b e-con-full e-flex e-con e-child\" data-id=\"10a868b\" data-element_type=\"container\" data-e-type=\"container\" data-settings=\"{&quot;background_background&quot;:&quot;classic&quot;}\">\n\t\t\t\t<\/div>\n\t\t<div class=\"elementor-element elementor-element-59156b3 e-con-full e-flex e-con e-child\" data-id=\"59156b3\" data-element_type=\"container\" data-e-type=\"container\">\n\t\t\t\t<div class=\"elementor-element elementor-element-01471e9 elementor-widget elementor-widget-heading\" data-id=\"01471e9\" data-element_type=\"widget\" data-e-type=\"widget\" data-widget_type=\"heading.default\">\n\t\t\t\t<div class=\"elementor-widget-container\">\n\t\t\t\t\t<h2 class=\"elementor-heading-title elementor-size-default\">Ty\u00f6tuntien sy\u00f6tt\u00f6 ja seuranta sek\u00e4 laskutus<\/h2>\t\t\t\t<\/div>\n\t\t\t\t<\/div>\n\t\t\t\t<div class=\"elementor-element elementor-element-3525a0d elementor-widget-divider--view-line elementor-widget elementor-widget-divider\" data-id=\"3525a0d\" data-element_type=\"widget\" data-e-type=\"widget\" data-widget_type=\"divider.default\">\n\t\t\t\t<div class=\"elementor-widget-container\">\n\t\t\t\t\t\t\t<div class=\"elementor-divider\">\n\t\t\t<span class=\"elementor-divider-separator\">\n\t\t\t\t\t\t<\/span>\n\t\t<\/div>\n\t\t\t\t\t\t<\/div>\n\t\t\t\t<\/div>\n\t\t\t\t<div class=\"elementor-element elementor-element-a78f4d2 elementor-widget elementor-widget-text-editor\" data-id=\"a78f4d2\" data-element_type=\"widget\" data-e-type=\"widget\" data-widget_type=\"text-editor.default\">\n\t\t\t\t<div class=\"elementor-widget-container\">\n\t\t\t\t\t\t\t\t\t<ol><li><strong>Tuntity\u00f6n kirjaaminen<\/strong>: T\u00e4m\u00e4 ominaisuus mahdollistaa k\u00e4ytt\u00e4jille ty\u00f6tuntien rekister\u00f6innin p\u00e4ivitt\u00e4in eriteltyn\u00e4 asiakkaan, projektin tai kustannuskeskuksen mukaan.<\/li><li><strong>Kirjatut tunnit muodostavat laskutusehdotuksen rivit myyntilaskun k\u00e4sittelij\u00e4lle<\/strong>: Rekister\u00f6idyt ty\u00f6tunnit k\u00e4ytet\u00e4\u00e4n perustana luomaan ehdotuksia myyntilaskujen riveiksi, jotka myyntilaskun k\u00e4sittelij\u00e4 voi hyv\u00e4ksy\u00e4 ja muokata.<\/li><li><strong>K\u00e4ytt\u00e4jill\u00e4 on mobiili- tai Teams-sovellus<\/strong>: T\u00e4m\u00e4 viittaa siihen, ett\u00e4 k\u00e4ytt\u00e4j\u00e4t voivat kirjata ty\u00f6tuntejaan k\u00e4ytt\u00e4en mobiilisovellusta tai Microsoft Teams -sovellusta, mik\u00e4 mahdollistaa joustavan ja helpon tavan seurata ty\u00f6aikaa miss\u00e4 tahansa.<\/li><\/ol>\t\t\t\t\t\t\t\t<\/div>\n\t\t\t\t<\/div>\n\t\t\t\t<\/div>\n\t\t\t\t<\/div>\n\t\t<div class=\"elementor-element elementor-element-3276fd4 e-con-full e-flex e-con e-child\" data-id=\"3276fd4\" data-element_type=\"container\" data-e-type=\"container\">\n\t\t<div class=\"elementor-element elementor-element-82e2302 e-con-full e-flex e-con e-child\" data-id=\"82e2302\" data-element_type=\"container\" data-e-type=\"container\" data-settings=\"{&quot;background_background&quot;:&quot;classic&quot;}\">\n\t\t\t\t<\/div>\n\t\t<div class=\"elementor-element elementor-element-2368c12 e-con-full e-flex e-con e-child\" data-id=\"2368c12\" data-element_type=\"container\" data-e-type=\"container\">\n\t\t\t\t<div class=\"elementor-element elementor-element-9432d66 elementor-widget elementor-widget-heading\" data-id=\"9432d66\" data-element_type=\"widget\" data-e-type=\"widget\" data-widget_type=\"heading.default\">\n\t\t\t\t<div class=\"elementor-widget-container\">\n\t\t\t\t\t<h2 class=\"elementor-heading-title elementor-size-default\">Myyntiprosessi, Tarjouslaskenta sek\u00e4 tuotantotilauksen laadinta<\/h2>\t\t\t\t<\/div>\n\t\t\t\t<\/div>\n\t\t\t\t<div class=\"elementor-element elementor-element-e13644a elementor-widget-divider--view-line elementor-widget elementor-widget-divider\" data-id=\"e13644a\" data-element_type=\"widget\" data-e-type=\"widget\" data-widget_type=\"divider.default\">\n\t\t\t\t<div class=\"elementor-widget-container\">\n\t\t\t\t\t\t\t<div class=\"elementor-divider\">\n\t\t\t<span class=\"elementor-divider-separator\">\n\t\t\t\t\t\t<\/span>\n\t\t<\/div>\n\t\t\t\t\t\t<\/div>\n\t\t\t\t<\/div>\n\t\t\t\t<div class=\"elementor-element elementor-element-549c404 elementor-widget elementor-widget-text-editor\" data-id=\"549c404\" data-element_type=\"widget\" data-e-type=\"widget\" data-widget_type=\"text-editor.default\">\n\t\t\t\t<div class=\"elementor-widget-container\">\n\t\t\t\t\t\t\t\t\t<ol><li><strong>Tarjousty\u00f6kalu \u2013 Koneen konfigurointi ERP-j\u00e4rjestelm\u00e4n tuotemestaritiedoista<\/strong>: T\u00e4m\u00e4 ominaisuus mahdollistaa tarjottavan koneen kokoonpanon suorittamisen hy\u00f6dynt\u00e4m\u00e4ll\u00e4 tuoterekisterin operatiivista ohjausta. Se ottaa huomioon paikallisesti asennetut osat koneen kokoonpanossa.<\/li><li><strong>Laskee sis\u00e4iset kulut ottaen huomioon myyntipalkkiot ja hallinnolliset kustannukset<\/strong>: Ty\u00f6kalu kykenee laskemaan koneen kokonaishinnan, sis\u00e4llytt\u00e4en siihen myyntiin liittyv\u00e4t provisiot ja yleiset hallinnolliset kulut, jotta saadaan tarkka kuva tuotteen todellisista kustannuksista.<\/li><li><strong>Generoi tarvittavat asiakirjat asiakkaalle ja huoltopalvelulle<\/strong>: T\u00e4m\u00e4n ominaisuuden avulla voidaan luoda kaikki tarpeelliset asiakirjat, kuten tarjoukset, sopimukset ja huolto-ohjeet, jotka ovat v\u00e4ltt\u00e4m\u00e4tt\u00f6mi\u00e4 asiakkaan ja huoltopalveluiden kanssa kommunikoidessa.<\/li><li><strong>K\u00e4ytt\u00e4jill\u00e4 on verkkoselainliittym\u00e4<\/strong>: T\u00e4m\u00e4 tarkoittaa, ett\u00e4 tarjousty\u00f6kalua k\u00e4ytet\u00e4\u00e4n verkkoselaimen kautta, mik\u00e4 mahdollistaa helpon ja saumattoman p\u00e4\u00e4syn ty\u00f6kaluun mist\u00e4 tahansa internet-yhteyden avulla.<\/li><\/ol>\t\t\t\t\t\t\t\t<\/div>\n\t\t\t\t<\/div>\n\t\t\t\t<\/div>\n\t\t\t\t<\/div>\n\t\t\t\t\t<\/div>\n\t\t\t\t<\/div>\n\t\t\t\t\t<\/div>\n\t\t\t\t<\/div>\n\t\t\t\t<\/div>","protected":false},"excerpt":{"rendered":"<p>Ratkaisuja T\u00e4lt\u00e4 sivulta l\u00f6yd\u00e4t esimerkkej\u00e4 ratkaisuistamme. Toimittajatiedon hallinta Toimittajan osallistuminen tietojen p\u00e4ivitt\u00e4miseen: Oma selain k\u00e4ytt\u00f6liittym\u00e4 tietojen t\u00e4ytt\u00f6\u00f6n ja dokumenttien l\u00e4hett\u00e4miseen [&hellip;]<\/p>\n","protected":false},"author":1,"featured_media":0,"parent":0,"menu_order":0,"comment_status":"closed","ping_status":"closed","template":"elementor_header_footer","meta":{"site-sidebar-layout":"no-sidebar","site-content-layout":"","ast-site-content-layout":"full-width-container","site-content-style":"default","site-sidebar-style":"default","ast-global-header-display":"","ast-banner-title-visibility":"","ast-main-header-display":"","ast-hfb-above-header-display":"","ast-hfb-below-header-display":"","ast-hfb-mobile-header-display":"","site-post-title":"disabled","ast-breadcrumbs-content":"","ast-featured-img":"disabled","footer-sml-layout":"","ast-disable-related-posts":"","theme-transparent-header-meta":"","adv-header-id-meta":"","stick-header-meta":"","header-above-stick-meta":"","header-main-stick-meta":"","header-below-stick-meta":"","astra-migrate-meta-layouts":"default","ast-page-background-enabled":"default","ast-page-background-meta":{"desktop":{"background-color":"var(--ast-global-color-4)","background-image":"","background-repeat":"repeat","background-position":"center center","background-size":"auto","background-attachment":"scroll","background-type":"","background-media":"","overlay-type":"","overlay-color":"","overlay-opacity":"","overlay-gradient":""},"tablet":{"background-color":"","background-image":"","background-repeat":"repeat","background-position":"center center","background-size":"auto","background-attachment":"scroll","background-type":"","background-media":"","overlay-type":"","overlay-color":"","overlay-opacity":"","overlay-gradient":""},"mobile":{"background-color":"","background-image":"","background-repeat":"repeat","background-position":"center center","background-size":"auto","background-attachment":"scroll","background-type":"","background-media":"","overlay-type":"","overlay-color":"","overlay-opacity":"","overlay-gradient":""}},"ast-content-background-meta":{"desktop":{"background-color":"var(--ast-global-color-5)","background-image":"","background-repeat":"repeat","background-position":"center center","background-size":"auto","background-attachment":"scroll","background-type":"","background-media":"","overlay-type":"","overlay-color":"","overlay-opacity":"","overlay-gradient":""},"tablet":{"background-color":"var(--ast-global-color-5)","background-image":"","background-repeat":"repeat","background-position":"center center","background-size":"auto","background-attachment":"scroll","background-type":"","background-media":"","overlay-type":"","overlay-color":"","overlay-opacity":"","overlay-gradient":""},"mobile":{"background-color":"var(--ast-global-color-5)","background-image":"","background-repeat":"repeat","background-position":"center center","background-size":"auto","background-attachment":"scroll","background-type":"","background-media":"","overlay-type":"","overlay-color":"","overlay-opacity":"","overlay-gradient":""}},"footnotes":""},"class_list":["post-178","page","type-page","status-publish","hentry"],"aioseo_notices":[],"_links":{"self":[{"href":"https:\/\/techlance.ddns.net\/en\/wp-json\/wp\/v2\/pages\/178","targetHints":{"allow":["GET"]}}],"collection":[{"href":"https:\/\/techlance.ddns.net\/en\/wp-json\/wp\/v2\/pages"}],"about":[{"href":"https:\/\/techlance.ddns.net\/en\/wp-json\/wp\/v2\/types\/page"}],"author":[{"embeddable":true,"href":"https:\/\/techlance.ddns.net\/en\/wp-json\/wp\/v2\/users\/1"}],"replies":[{"embeddable":true,"href":"https:\/\/techlance.ddns.net\/en\/wp-json\/wp\/v2\/comments?post=178"}],"version-history":[{"count":0,"href":"https:\/\/techlance.ddns.net\/en\/wp-json\/wp\/v2\/pages\/178\/revisions"}],"wp:attachment":[{"href":"https:\/\/techlance.ddns.net\/en\/wp-json\/wp\/v2\/media?parent=178"}],"curies":[{"name":"wp","href":"https:\/\/api.w.org\/{rel}","templated":true}]}}